{"id":98,"date":"2023-04-11T18:24:28","date_gmt":"2023-04-11T16:24:28","guid":{"rendered":"https:\/\/ambasciatapraga.esteri.it\/?page_id=98"},"modified":"2024-08-14T09:41:47","modified_gmt":"2024-08-14T02:41:47","slug":"missioni-archeologiche","status":"publish","type":"page","link":"https:\/\/ambbangkok.esteri.it\/it\/italia-e-thailandia\/diplomazia-culturale\/missioni-archeologiche\/","title":{"rendered":"Missioni archeologiche"},"content":{"rendered":"<p>Il Ministero degli Affari Esteri e della Cooperazione Internazionale sostiene Missioni archeologiche, antropologiche ed etnologiche italiane all\u2019estero, che si estendono cronologicamente dalla preistoria all\u2019epoca medioevale e geograficamente dal mondo greco-romano al Vicino, Medio ed Estremo Oriente, Africa e America latina. Tradizionalmente l\u2019area con il maggiore numero di missioni italiane \u00e8 quella del Mediterraneo e del Medio Oriente.<\/p>\n<p>Il sostegno alle Missioni viene garantito attraverso la <strong>pubblicazione di un bando annuale <\/strong>gestitito dall&#8217;Ufficio VI della Direzione Generale per la Diplomazia Pubblica e Culturale (DGDP).<\/p>\n<p>Possono presentare richiesta di sostegno <strong>enti aventi personalit\u00e0 giuridica di natura pubblica o privata<\/strong>. Le richieste vengono presentate dai direttori di missione (o da persone loro delegate ad accedere al portale Archeologia). Ogni direttore non pu\u00f2 presentare pi\u00f9 di 3 richieste.<\/p>\n<p>I tipi di <strong>supporto del MAECI<\/strong> sono 2:<\/p>\n<ul>\n<li>Finanziamento (contributo pari a non pi\u00f9 del 70% del totale delle spese sostenute)<\/li>\n<li>Riconoscimento istituzionale (R.I.)<\/li>\n<\/ul>\n<p>Nel <strong>2023<\/strong> sono state sostenute <strong>279 Missioni in 71 Paesi <\/strong>promosse da <strong>42 Istituzioni pubbliche e da 24 centri di ricerca privati<\/strong> e che coprono tutti gli ambiti disciplinari, dalla paleoantropologia alla preistoria, dalle civilt\u00e0 palaziali all\u2019archeologia classica, medievale, bizantina e islamica.<\/p>\n<p><strong><u>Ricerca, formazione e trasferimento di <em>know-how<\/em><\/u><\/strong><\/p>\n<p>Oltre a contribuire alla conoscenza e conservazione del Patrimonio storico e culturale dei Paesi partner, le Missioni, in collaborazione con i diversi attori delle comunit\u00e0 locali, agiscono sul tessuto socio-economico dei territori in cui operano. Attraverso il lavoro sul campo, le numerose opportunit\u00e0 di formazione e il trasferimento di <em>know-how<\/em>, i Paesi che ospitano le nostre Missioni si arricchiscono di personale altamente qualificato e beneficiano dell\u2019expertise italiana nell\u2019impiego delle nuove tecnologie e nelle tecniche pi\u00f9 all\u2019avanguardia per il restauro e la tutela del Patrimonio.<\/p>\n<p><strong><u>Tutela e salvaguardia del Patrimonio culturale e ambientale<\/u><\/strong><\/p>\n<p>Nonostante il perdurare di conflitti e situazioni di instabilit\u00e0, l\u2019Italia ha continuato a garantire il proprio sostegno a Paesi interessati da queste criticit\u00e0. Spesso, nell\u2019impossibilit\u00e0 di operare in loco, i nostri ricercatori hanno continuato il lavoro di documentazione, catalogazione, archiviazione, studio e diffusione dei risultati raggiunti, contribuendo anche alla lotta al traffico illecito di reperti archeologici.<\/p>\n<p>Dal 2019, inoltre, \u00e8 stata inserita nel bando la cosiddetta \u201c<strong>clausola verde<\/strong>\u201d, con l\u2019obiettivo di incoraggiare la compensazione delle emissioni di anidride carbonica attraverso i crediti ottenuti con attivit\u00e0 di forestazione e riforestazione. Molte Missioni hanno intrapreso da tempo diverse iniziative per rendere pi\u00f9 sostenibile l\u2019attivit\u00e0 di scavo e ricerca, salvaguardare il territorio e sensibilizzare le comunit\u00e0 locali sulla protezione dell\u2019ambiente.<\/p>\n<p>Maggiori informazioni al seguente link: <a href=\"https:\/\/www.esteri.it\/it\/diplomazia-culturale-e-diplomazia-scientifica\/cultura\/archeologiapatrimonioculturale\/\">https:\/\/www.esteri.it\/it\/diplomazia-culturale-e-diplomazia-scientifica\/cultura\/archeologiapatrimonioculturale\/<\/a><\/p>\n<p>&nbsp;<\/p>\n<p><strong>COOPERAZIONE IN ARCHEOLOGIA TRA ITALIA E THAILANDIA<\/strong><\/p>\n<p>Il MAECI sostiene in Thailandia il progetto <strong>\u2018LOPBURI REGIONAL ARCHAEOLOGICAL PROJECT\u2019 (LORAP) <\/strong>portato avanti dall\u2019<strong>Istituto Italiano per il Medio ed Estremo Oriente (ISMEO).<br \/>\n<\/strong><\/p>\n<p>La missione archeologica dell\u2019ISMEO, attualmente sotto il coordinamento dei Professori Fiorella Rispoli e Roberto Ciarla, \u00e8 attiva dal 1988 ed \u00e8 ad oggi la missione internazionale presente da pi\u00f9 tempo in modo continuativo sul territorio thailandese. La missione indaga il ruolo svolto dalle comunit\u00e0 preistoriche e protostoriche della Valle dei fiumi Pasak-Lopburi nelle interrelazioni culturali, sociali ed economiche tra le comunit\u00e0 dell\u2019Asia sud-orientale continentale, della Cina meridionale e del Subcontinente Indiano tra il III millennio a.C. e il I millennio d.C. \u00c8 prevista la formazione di specialisti locali su restauro archeologico e musealizzazione dei reperti di scavo.<\/p>\n","protected":false},"excerpt":{"rendered":"Il Ministero degli Affari Esteri e della Cooperazione Internazionale sostiene Missioni archeologiche, antropologiche ed etnologiche italiane all\u2019estero, che si estendono cronologicamente dalla preistoria all\u2019epoca medioevale e geograficamente dal mondo greco-romano al Vicino, Medio ed Estremo Oriente, Africa e America latina. Tradizionalmente l\u2019area con il maggiore numero di missioni italiane \u00e8 quella del Mediterraneo e del [&hellip;]","protected":false},"author":1,"featured_media":0,"parent":44,"menu_order":0,"comment_status":"closed","ping_status":"closed","template":"","meta":{"footnotes":""},"class_list":["post-98","page","type-page","status-publish","hentry"],"_links":{"self":[{"href":"https:\/\/ambbangkok.esteri.it\/it\/wp-json\/wp\/v2\/pages\/98","targetHints":{"allow":["GET"]}}],"collection":[{"href":"https:\/\/ambbangkok.esteri.it\/it\/wp-json\/wp\/v2\/pages"}],"about":[{"href":"https:\/\/ambbangkok.esteri.it\/it\/wp-json\/wp\/v2\/types\/page"}],"author":[{"embeddable":true,"href":"https:\/\/ambbangkok.esteri.it\/it\/wp-json\/wp\/v2\/users\/1"}],"replies":[{"embeddable":true,"href":"https:\/\/ambbangkok.esteri.it\/it\/wp-json\/wp\/v2\/comments?post=98"}],"version-history":[{"count":5,"href":"https:\/\/ambbangkok.esteri.it\/it\/wp-json\/wp\/v2\/pages\/98\/revisions"}],"predecessor-version":[{"id":2739,"href":"https:\/\/ambbangkok.esteri.it\/it\/wp-json\/wp\/v2\/pages\/98\/revisions\/2739"}],"up":[{"embeddable":true,"href":"https:\/\/ambbangkok.esteri.it\/it\/wp-json\/wp\/v2\/pages\/44"}],"wp:attachment":[{"href":"https:\/\/ambbangkok.esteri.it\/it\/wp-json\/wp\/v2\/media?parent=98"}],"curies":[{"name":"wp","href":"https:\/\/api.w.org\/{rel}","templated":true}]}}