{"id":74,"date":"2023-04-11T18:20:09","date_gmt":"2023-04-11T16:20:09","guid":{"rendered":"https:\/\/ambasciatapraga.esteri.it\/?page_id=74"},"modified":"2026-04-08T15:49:29","modified_gmt":"2026-04-08T08:49:29","slug":"autoveicoli-e-patenti-di-guida","status":"publish","type":"page","link":"https:\/\/ambbangkok.esteri.it\/it\/servizi-consolari-e-visti\/servizi-per-il-cittadino-italiano\/autoveicoli-e-patenti-di-guida\/","title":{"rendered":"Autoveicoli e Patenti di guida (rinnovi, patenti thai)"},"content":{"rendered":"<h3 class=\"sr-only\"><strong>RINNOVO DELLA PATENTE ITALIANA\u00a0<\/strong><\/h3>\n<div>\n<p><strong>Requisiti e condizioni:<\/strong><\/p>\n<ul>\n<li>Il rinnovo delle patente di guida \u00e8 consentito per i soli residenti AIRE la cui patente di guida \u00e8 <strong>in scadenza<\/strong> (a partire <strong>da 4 mesi prima della data di scadenza<\/strong>) oppure se \u00e8 <strong>scaduta (da non pi\u00f9 di 5 anni)<\/strong>;<\/li>\n<li>Il rinnovo decorre <strong>dalla data di scadenza<\/strong> della patente;<\/li>\n<li>Il rinnovo\u00a0avviene a mezzo di apposito attestato e non sulla\u00a0patente;<\/li>\n<li>Una volta riacquisita la residenza o la dimora in Italia, il cittadino dovr\u00e0 confermare la patente presso l&#8217;Ufficio della Motorizzazione Civile.<\/li>\n<\/ul>\n<p><span style=\"text-decoration: underline;\">Non<\/span> \u00e8 invece possibile richiedere in Ambasciata il rilascio della patente o di un duplicato in caso di smarrimento, distruzione o furto.<\/p>\n<p><strong>Procedura:<\/strong><\/p>\n<p>Al fine di richiedere il rinnovo della patente di guida, il connazionale deve:<\/p>\n<p><strong>1.<\/strong> Sostenere la <strong>visita oculistica<\/strong> per il rinnovo della patente italiana.<\/p>\n<p>In <strong>Thailandia<\/strong>, si consiglia di rivolgersi al <strong>BNH Hospital di Bangkok<\/strong>, che utilizza in automatico il modello di certificato medico previsto dalla normativa italiana.<\/p>\n<p style=\"padding-left: 40px;\">9\/1 Convent Road, Silom Bangkok, Bangkok 10500 (Thailand)<\/p>\n<p style=\"padding-left: 40px;\">Tel: 02 6862700<\/p>\n<p style=\"padding-left: 40px;\">Fax 02 6320573<\/p>\n<p>In <strong>Cambogia<\/strong>, si consiglia di rivolgersi all&#8217;<strong>INTERCARE HOSPITAL\u00a0<\/strong>presente nelle seguenti Sedi:<\/p>\n<ul>\n<li>Phnom Penh \u2013 Sede principale Olympia City, Olympia Medical Hub, Building C5 Tower, Street 161, Phnom Penh 12253 <a href=\"https:\/\/www.google.com\/search?q=intercare+Hospital&amp;sca_esv=d4a33b81dd8689c6&amp;rlz=1C1GCEA_enKH1150KH1150&amp;sxsrf=ANbL-n7Y5FmErNV0r8coq9vxwPzNs7dOHA:1775552029186&amp;udm=1&amp;lsack=HcbUad-QC7yvseMP9_SwiQI&amp;sa=X&amp;ved=2ahUKEwifk-vfrtuTAxW8V2wGHXc6LCEQjGp6BAgqEAA&amp;biw=1476&amp;bih=901&amp;dpr=1.5&amp;lqi=ChJpbnRlcmNhcmUgSG9zcGl0YWxI2_bt1s6xgIAIWhwQABABGAAYASISaW50ZXJjYXJlIGhvc3BpdGFskgEIaG9zcGl0YWyaASRDaGREU1VoTk1HOW5TMFZKUTBGblNVTmlPV0pwTkhWUlJSQUL6AQQIOhAr\" data-auth=\"NotApplicable\">023 996 900<\/a><\/li>\n<\/ul>\n<ul>\n<li>Phnom Penh Express \u2013 Preah Norodom BLVD, Village 10, Sangkat Tonle Bassac, Khan Chankarmon, Phnom Penh\u00a0 023 996 901<\/li>\n<\/ul>\n<p>Al termine della visita l&#8217;ospedale consegner\u00e0 un certificato medico compilato.<\/p>\n<p>E&#8217; possibile sostenere la visita medica in qualunque ospedale o clinica, ma <strong>\u00e8 essenziale<\/strong> che il medico responsabile compili il <strong>certificato medico <\/strong>previsto dalla nostra normativa. Il modello, che all&#8217;occorrenza pu\u00f2 essere scaricato e portato in ospedale, <a href=\"https:\/\/ambbangkok.esteri.it\/wp-content\/uploads\/2023\/09\/certificato-medico.pdf\">e&#8217; disponibile a questo link.<\/a><\/p>\n<p>N.B. E&#8217; indispensabile <strong>compilare tutti i campi<\/strong> del modello di certificato medico. Moduli incompleti <span style=\"text-decoration: underline;\">non<\/span> potranno essere accettati per il prosieguo della pratica.<\/p>\n<p><strong>2.<\/strong> Prendere appuntamento attraverso il portale <a href=\"https:\/\/prenotami.esteri.it\">prenot@mi<\/a> e recarsi all&#8217;Ufficio Consolare portando con s\u00e9: (a) patente in scadenza o scaduta, (b) passaporto, (c) due fotografie (formato passaporto, frontali e a sfondo bianco), (d) certificato medico debitamente compilato. L&#8217;Ufficio, fatte le debite verifiche, rilascia l&#8217;attestazione consolare di rinnovo della patente. E&#8217; previsto il pagamento di una tariffa consolare (in contanti esatti o QR PromptPay).<\/p>\n<p><strong>NB<\/strong>: L&#8217;attestazione -sulla base delle norme e indicazioni del Ministero delle infrastrutture e dei trasporti italiano- \u00e8 valida per circolare in Italia fino al momento in cui il titolare ristabilir\u00e0 la propria dimora o residenza in Italia. L\u2019attestazione rilasciata dall&#8217;Ufficio Consolare deve infatti essere esibita in sede di controllo in Italia, unitamente alla patente di guida scaduta.<\/p>\n<h3><strong>PROCEDURA DI OTTENIMENTO DELLA PATENTE DI GUIDA THAILANDESE<br \/>\n<\/strong><\/h3>\n<p>Per ottenere la patente di guida locale \u00e8 necessario prima di tutto far tradurre la patente italiana in inglese o direttamente in thailandese (vedi <a href=\"https:\/\/ambbangkok.esteri.it\/it\/servizi-consolari-e-visti\/\">QUI<\/a> un elenco non vincolante di agenzie di traduzioni di riferimento).<\/p>\n<p>Quindi, previo appuntamento su Prenot@mi, occorre presentarsi all&#8217;ufficio consolare muniti della patente italiana e della sua traduzione gi\u00e0 effettuata, al fine di farla vidimare dall&#8217;ufficio. Il servizio costa 30 Euro in controvalore THB al tasso di cambio trimestrale corrente, come da tabella riportata sotto la &#8220;Servizi Consolari e Visti&#8221;).<\/p>\n<p>Dopodich\u00e9 \u00e8 necessario, con i documenti al seguito, recarsi alla motorizzazione locale e seguire la procedura indicata dalle autorit\u00e0 thailandesi -di esclusiva loro competenza- le quali di norma richiedono tra l&#8217;altro al richiedente il possesso di un visto thailandese di lunga durata.<\/p>\n<\/div>\n","protected":false},"excerpt":{"rendered":"RINNOVO DELLA PATENTE ITALIANA\u00a0 Requisiti e condizioni: Il rinnovo delle patente di guida \u00e8 consentito per i soli residenti AIRE la cui patente di guida \u00e8 in scadenza (a partire da 4 mesi prima della data di scadenza) oppure se \u00e8 scaduta (da non pi\u00f9 di 5 anni); Il rinnovo decorre dalla data di scadenza [&hellip;]","protected":false},"author":1,"featured_media":0,"parent":47,"menu_order":16,"comment_status":"closed","ping_status":"closed","template":"","meta":{"footnotes":""},"class_list":["post-74","page","type-page","status-publish","hentry"],"_links":{"self":[{"href":"https:\/\/ambbangkok.esteri.it\/it\/wp-json\/wp\/v2\/pages\/74","targetHints":{"allow":["GET"]}}],"collection":[{"href":"https:\/\/ambbangkok.esteri.it\/it\/wp-json\/wp\/v2\/pages"}],"about":[{"href":"https:\/\/ambbangkok.esteri.it\/it\/wp-json\/wp\/v2\/types\/page"}],"author":[{"embeddable":true,"href":"https:\/\/ambbangkok.esteri.it\/it\/wp-json\/wp\/v2\/users\/1"}],"replies":[{"embeddable":true,"href":"https:\/\/ambbangkok.esteri.it\/it\/wp-json\/wp\/v2\/comments?post=74"}],"version-history":[{"count":6,"href":"https:\/\/ambbangkok.esteri.it\/it\/wp-json\/wp\/v2\/pages\/74\/revisions"}],"predecessor-version":[{"id":4473,"href":"https:\/\/ambbangkok.esteri.it\/it\/wp-json\/wp\/v2\/pages\/74\/revisions\/4473"}],"up":[{"embeddable":true,"href":"https:\/\/ambbangkok.esteri.it\/it\/wp-json\/wp\/v2\/pages\/47"}],"wp:attachment":[{"href":"https:\/\/ambbangkok.esteri.it\/it\/wp-json\/wp\/v2\/media?parent=74"}],"curies":[{"name":"wp","href":"https:\/\/api.w.org\/{rel}","templated":true}]}}