{"id":71,"date":"2023-04-11T18:19:16","date_gmt":"2023-04-11T16:19:16","guid":{"rendered":"https:\/\/ambasciatapraga.esteri.it\/?page_id=71"},"modified":"2024-11-05T19:13:31","modified_gmt":"2024-11-05T12:13:31","slug":"servizi-notarili","status":"publish","type":"page","link":"https:\/\/ambbangkok.esteri.it\/it\/servizi-consolari-e-visti\/servizi-per-il-cittadino-italiano\/servizi-notarili\/","title":{"rendered":"Servizi notarili \/ Procure"},"content":{"rendered":"<div>\n<p class=\"boxLevel03\">Ai sensi dell\u2019art. 28 del D.Lgs. 71\/2011, l\u2019Ufficio consolare esercita \u2013<strong>esclusivamente nei confronti di cittadini italiani<\/strong>\u2013 alcune funzioni notarili previste dal nostro ordinamento.<\/p>\n<p class=\"boxLevel03\">Di regola, si tratta del ricevimento di atti pubblici (procure, testamenti), di atti notori, di autenticazioni e di sottoscrizioni apposte a scritture private.<\/p>\n<p class=\"boxLevel03\">Si tratta di atti <strong>redatti in lingua italiana<\/strong> per i quali \u00e8 richiesta la conoscenza della lingua e la presenza fisica del dichiarante, munito di un documento di riconoscimento in corso di validit\u00e0, presso gli uffici della Cancelleria consolare dell&#8217;Ambasciata d&#8217;Italia in Bangkok.<br \/>\nPer ulteriori informazioni sui servizi notarili erogati dalle Ambasciate, si rinvia alla pagina dedicata del sito della Farnesina: <a href=\"https:\/\/www.esteri.it\/mae\/it\/servizi\/italiani-all-estero\/attinotarili\">https:\/\/www.esteri.it\/mae\/it\/servizi\/italiani-all-estero\/attinotarili<\/a><\/p>\n<\/div>\n<div>\n<p><strong>Approfondimento: procura speciale e procura generale<\/strong><br \/>\nLa procura \u00e8 l\u2019atto mediante il quale un soggetto (rappresentato) conferisce ad altro soggetto (rappresentante) il potere di agire in suo nome e conto nel compimento di atti giuridici i cui effetti sorgeranno direttamente in capo al rappresentato. Le procure, a seconda che vengano conferite per il compimento di attivit\u00e0 non preventivamente determinate o invece per lo svolgimento di specifici compiti, possono essere generali o speciali:<\/p>\n<p>&#8211; <strong>Procura generale<\/strong>: con questo atto l&#8217;interessato affida al rappresentante la gestione di tutti i suoi affari, sia presenti sia futuri. La procura generale \u00e8 rilasciata a tempo indeterminato ed \u00e8 efficace fino a revoca;<\/p>\n<p>&#8211; <strong>Procura speciale<\/strong>: con questo atto l&#8217;interessato affida al rappresentante la gestione di una parte specifica dei suoi affari. La procura speciale cessa di avere efficacia nel momento in cui l&#8217;incarico particolare per il quale \u00e8 stata rilasciata si conclude.<\/p>\n<p>Data la complessit\u00e0 dell&#8217;atto, prima di prendere contatto con l\u2019Ambasciata si consiglia di consultare un notaio o un avvocato esperto in materia notarile. Per concordare un appuntamento presso l\u2019Ufficio consolare per la sottoscrizione della procura \u00e8 necessario anticipare a mezzo email una <span style=\"text-decoration: underline;\">bozza in formato Word dell\u2019atto<\/span> assieme a una <span style=\"text-decoration: underline;\">copia del passaporto<\/span> dell\u2019interessato (pagina con generalit\u00e0 e pagina indicante l&#8217;Autorit\u00e0 di rilascio) all\u2019indirizzo di posta elettronica: <a href=\"mailto:consolare.bangkok@esteri.it\">consolare.bangkok@esteri.it<\/a><\/p>\n<p>La bozza di atto deve contenere i seguenti dati:<\/p>\n<p style=\"padding-left: 40px;\">&#8211; RAPPRESENTATO: nome e cognome, luogo e data di nascita, residenza, codice fiscale, eventuale menzione dello stato civile, estremi del passaporto utilizzato per il riconoscimento ossia numero di passaporto, Autorit\u00e0 di rilascio (Questura, Ambasciata o Consolato), data di rilascio e data di scadenza;<br \/>\n&#8211; RAPPRESENTANTE: nome e cognome, luogo e data di nascita;<br \/>\n&#8211; CONTENUTO DELL&#8217;ATTO.<\/p>\n<p>Ricevuta la documentazione, l\u2019Ufficio consolare rediger\u00e0 la procura in forma di &#8220;atto pubblico&#8221; e convocher\u00e0 l\u2019interessato per la sottoscrizione.<\/p>\n<p>Le <span style=\"text-decoration: underline;\">percezioni consolari<\/span>, da pagare in contanti o tramite QR Code PromptPay in valuta locale (Baht thailandesi\/THB), ammontano a:<\/p>\n<ul>\n<li>80 Euro per una procura generale, che verr\u00e0 custodita agli atti dell\u2019Ambasciata.<\/li>\n<li>56 Euro per una procura speciale, il cui originale verr\u00e0 in questo caso consegnato all&#8217;interessato<\/li>\n<\/ul>\n<p>L&#8217;interessato pu\u00f2 altres\u00ec richiedere una o pi\u00f9 &#8220;copie autenticate&#8221; conformi all&#8217;originale (al costo di 16 Euro in THB per ciascuna copia).<\/p>\n<\/div>\n","protected":false},"excerpt":{"rendered":"Ai sensi dell\u2019art. 28 del D.Lgs. 71\/2011, l\u2019Ufficio consolare esercita \u2013esclusivamente nei confronti di cittadini italiani\u2013 alcune funzioni notarili previste dal nostro ordinamento. Di regola, si tratta del ricevimento di atti pubblici (procure, testamenti), di atti notori, di autenticazioni e di sottoscrizioni apposte a scritture private. Si tratta di atti redatti in lingua italiana per [&hellip;]","protected":false},"author":1,"featured_media":0,"parent":47,"menu_order":8,"comment_status":"closed","ping_status":"closed","template":"","meta":{"footnotes":""},"class_list":["post-71","page","type-page","status-publish","hentry"],"_links":{"self":[{"href":"https:\/\/ambbangkok.esteri.it\/it\/wp-json\/wp\/v2\/pages\/71","targetHints":{"allow":["GET"]}}],"collection":[{"href":"https:\/\/ambbangkok.esteri.it\/it\/wp-json\/wp\/v2\/pages"}],"about":[{"href":"https:\/\/ambbangkok.esteri.it\/it\/wp-json\/wp\/v2\/types\/page"}],"author":[{"embeddable":true,"href":"https:\/\/ambbangkok.esteri.it\/it\/wp-json\/wp\/v2\/users\/1"}],"replies":[{"embeddable":true,"href":"https:\/\/ambbangkok.esteri.it\/it\/wp-json\/wp\/v2\/comments?post=71"}],"version-history":[{"count":6,"href":"https:\/\/ambbangkok.esteri.it\/it\/wp-json\/wp\/v2\/pages\/71\/revisions"}],"predecessor-version":[{"id":2929,"href":"https:\/\/ambbangkok.esteri.it\/it\/wp-json\/wp\/v2\/pages\/71\/revisions\/2929"}],"up":[{"embeddable":true,"href":"https:\/\/ambbangkok.esteri.it\/it\/wp-json\/wp\/v2\/pages\/47"}],"wp:attachment":[{"href":"https:\/\/ambbangkok.esteri.it\/it\/wp-json\/wp\/v2\/media?parent=71"}],"curies":[{"name":"wp","href":"https:\/\/api.w.org\/{rel}","templated":true}]}}