{"id":625,"date":"2023-07-07T09:23:54","date_gmt":"2023-07-07T02:23:54","guid":{"rendered":"https:\/\/ambbangkok.esteri.it\/?page_id=625"},"modified":"2023-07-07T09:23:54","modified_gmt":"2023-07-07T02:23:54","slug":"messaggio-dellambasciatore-ai-connazionali","status":"publish","type":"page","link":"https:\/\/ambbangkok.esteri.it\/it\/chi-siamo\/lambasciatore\/messaggio-dellambasciatore-ai-connazionali\/","title":{"rendered":"Messaggio dell&#8217;Ambasciatore ai connazionali"},"content":{"rendered":"<div>\n<p>Cari connazionali, cari amici thailandesi, cambogiani, laotiani,<\/p>\n<p>con grande entusiasmo e orgoglio assumo l\u2019incarico di Ambasciatore d\u2019Italia in Thailandia, Cambogia e Laos, nazioni protagoniste in un\u2019area di sempre maggiore interesse e importanza strategica per il Nostro Paese.<\/p>\n<p>La mia missione sar\u00e0 di rafforzare le relazioni dell\u2019Italia con questi tre Paesi in tutti i settori.<\/p>\n<p>L\u2019Ambasciata \u00e8 al servizio Vostro e del Nostro Paese per rafforzare i legami con Thailandia, Cambogia e Laos, sostenendo gli operatori dei vari settori e promuovendo iniziative volte ad approfondire i rapporti tra i nostri tessuti imprenditoriali e tra le nostre comunit\u00e0 culturali e scientifiche.<\/p>\n<p>Se intensificare gli scambi economici, culturali e scientifici sar\u00e0 un punto fermo del nostro impegno nei tre Paesi, ritengo vi siano ancora molte potenzialit\u00e0 di collaborazione da esplorare appieno, ad esempio in ambito di turismo, sostenibilit\u00e0 ambientale e innovazione. Obiettivi che sono convinto sar\u00e0 pi\u00f9 facile raggiunere grazie non solo all\u2019amiciza che lega i nostri popoli, ma anche alle eccezionali risorse umane e professionali che animano questi Paesi.<\/p>\n<p>In un mondo sempre pi\u00f9 imperniato sul digitale, il sito web e i nostri social media diventano uno strumento essenziale per far conoscere agli utenti le attivit\u00e0 dell\u2019Ambasciata, in particolare gli eventi che organizziamo e i servizi erogati.<\/p>\n<p>Vi invito quindi a seguirci, oltre che su questo sito, anche su Twitter, Instagram e Facebook su \u201c@ItalyinThailand\u201d e a farci pervenire i vostri suggerimenti e idee che, sono certo, contribuiranno con spirito costruttivo al nostro lavoro!<\/p>\n<p>Grazie!<\/p>\n<p>Paolo Dionisi<\/p>\n<\/div>\n","protected":false},"excerpt":{"rendered":"Cari connazionali, cari amici thailandesi, cambogiani, laotiani, con grande entusiasmo e orgoglio assumo l\u2019incarico di Ambasciatore d\u2019Italia in Thailandia, Cambogia e Laos, nazioni protagoniste in un\u2019area di sempre maggiore interesse e importanza strategica per il Nostro Paese. La mia missione sar\u00e0 di rafforzare le relazioni dell\u2019Italia con questi tre Paesi in tutti i settori. L\u2019Ambasciata [&hellip;]","protected":false},"author":4,"featured_media":0,"parent":38,"menu_order":0,"comment_status":"closed","ping_status":"closed","template":"","meta":{"footnotes":""},"class_list":["post-625","page","type-page","status-publish","hentry"],"_links":{"self":[{"href":"https:\/\/ambbangkok.esteri.it\/it\/wp-json\/wp\/v2\/pages\/625","targetHints":{"allow":["GET"]}}],"collection":[{"href":"https:\/\/ambbangkok.esteri.it\/it\/wp-json\/wp\/v2\/pages"}],"about":[{"href":"https:\/\/ambbangkok.esteri.it\/it\/wp-json\/wp\/v2\/types\/page"}],"author":[{"embeddable":true,"href":"https:\/\/ambbangkok.esteri.it\/it\/wp-json\/wp\/v2\/users\/4"}],"replies":[{"embeddable":true,"href":"https:\/\/ambbangkok.esteri.it\/it\/wp-json\/wp\/v2\/comments?post=625"}],"version-history":[{"count":1,"href":"https:\/\/ambbangkok.esteri.it\/it\/wp-json\/wp\/v2\/pages\/625\/revisions"}],"predecessor-version":[{"id":626,"href":"https:\/\/ambbangkok.esteri.it\/it\/wp-json\/wp\/v2\/pages\/625\/revisions\/626"}],"up":[{"embeddable":true,"href":"https:\/\/ambbangkok.esteri.it\/it\/wp-json\/wp\/v2\/pages\/38"}],"wp:attachment":[{"href":"https:\/\/ambbangkok.esteri.it\/it\/wp-json\/wp\/v2\/media?parent=625"}],"curies":[{"name":"wp","href":"https:\/\/api.w.org\/{rel}","templated":true}]}}