{"id":49,"date":"2023-04-11T18:13:11","date_gmt":"2023-04-11T16:13:11","guid":{"rendered":"https:\/\/ambasciatapraga.esteri.it\/?page_id=49"},"modified":"2025-10-22T18:11:07","modified_gmt":"2025-10-22T11:11:07","slug":"passaporti-e-carte-didentita","status":"publish","type":"page","link":"https:\/\/ambbangkok.esteri.it\/it\/servizi-consolari-e-visti\/servizi-per-il-cittadino-italiano\/passaporti-e-carte-didentita\/","title":{"rendered":"Passaporti"},"content":{"rendered":"<p>L\u2019Ambasciata d&#8217;Italia a Bangkok rilascia passaporti elettronici ordinari a formato unico a 48 pagine. La vigente normativa sui passaporti non consente n\u00e9 il rinnovo n\u00e9 l\u2019aggiunta di pagine al libretto di viaggio.<\/p>\n<div>\n<p class=\"boxLevel03\">In occasione della consegna del nuovo passaporto, il libretto precedente viene annullato e riconsegnato al possessore.<\/p>\n<p class=\"boxLevel03\">La validit\u00e0 temporale del passaporto varia in base all&#8217;et\u00e0 del titolare:<\/p>\n<p class=\"boxLevel03\" style=\"padding-left: 40px;\">-per i minori di 3 anni la validit\u00e0 \u00e8 di 3 anni;<\/p>\n<p class=\"boxLevel03\" style=\"padding-left: 40px;\">per i minori dai 3 ai 18 anni la validit\u00e0 \u00e8 di 5 anni;<\/p>\n<p class=\"boxLevel03\" style=\"padding-left: 40px;\">per i maggiorenni la validit\u00e0 \u00e8 di 10 anni.<\/p>\n<p><strong>ATTO DI ASSENSO<\/strong><br \/>\nAi fini del rilascio di un passaporto a favore di un minore \u00e8 necessario acquisire l\u2019assenso di entrambi i genitori (a prescindere dal legame coniugale o meno tra gli stessi).<\/p>\n<p>Ai fini del rilascio di un passaporto a favore di un maggiorenne con figli minori, lo stesso genitore richiedente il passaporto deve dichiarare di non essere destinatario di provvedimenti di inibitoria al rilascio dei passaporti, ai sensi dell&#8217;articolo 3-bis della L. 1185\/1967, come novellato dal D.L. n. 69\/2023.<\/p>\n<p>Solo per quanto riguarda i cittadini di un Paese membro dell\u2019Unione Europea, l\u2019assenso pu\u00f2 essere acquisito attraverso l\u2019apposito modulo, debitamente compilato e firmato, accompagnato da una copia del passaporto o della carta d&#8217;identit\u00e0 italiana dell\u2019interessato (inclusa la pagina con la firma). Il modulo di assenso \u00e8 disponibile nella sezione \u201c<a href=\"https:\/\/ambbangkok.esteri.it\/it\/servizi-consolari-e-visti\/servizi-per-il-cittadino-italiano\/modilistica-consolare\/\">modulistica<\/a>\u201d del nostro sito web e presso l\u2019Ufficio Consolare dell\u2019Ambasciata.<\/p>\n<p>L\u2019atto di assenso di un genitore non cittadino dell\u2019Unione Europea deve essere sottoscritto di fronte a un Pubblico Ufficiale italiano previa esibizione del passaporto (N.B. la carta d&#8217;identit\u00e0 thailandese non \u00e8 un documento di riconoscimento valido per le Autorita\u2019 italiane). In particolare, per la Thailandia, l\u2019assenso pu\u00f2 essere acquisito presso l\u2019Ambasciata d\u2019Italia a Bangkok, presso il Consolato Generale Onorario di Phuket, presso il Consolato Onorario di Chiang Mai (v. sezione \u201cLa rete consolare\u201d); per la Cambogia e per il Laos, l\u2019assenso pu\u00f2 essere acquisito rispettivamente presso il Console Onorario a Phnom Penh e presso il Corrispondente consolare a Vientiane (v. sezione \u201cLa rete consolare\u201d); per l\u2019Italia, l\u2019assenso pu\u00f2 essere acquisito presso una Questura; per gli altri Paesi esteri, l\u2019assenso pu\u00f2 essere acquisito presso una Rappresentanza diplomatico-consolare italiana.<\/p>\n<p>In caso di decesso di uno dei genitori, \u00e8 necessario presentare l\u2019atto di morte dello stesso.<\/p>\n<p>In casi eccezionali e su richiesta dell\u2019interessato, in assenza dell\u2019assenso dell\u2019altro genitore, il Capo della Cancelleria Consolare, nella sua veste di Giudice Tutelare dei minori residenti nella circoscrizione pu\u00f2, dopo aver effettuato gli accertamenti di rito, autorizzare il rilascio del passaporto al richiedente con apposito Decreto consolare. Sono previsti costi consolari (11 euro per l&#8217;istanza e 11 euro per l&#8217;eventuale decreto, da versare in THB al tasso di cambio consolare trimestrale corrente; per ulteriori dettagli si prega di contattare l&#8217;Ufficio scrivendo a consolare.bangkok@esteri.it).<\/p>\n<p><strong>PRESENTAZIONE DELLA DOMANDA DI RILASCIO NUOVO PASSAPORTO<\/strong><br \/>\nPer presentare la domanda di rilascio di un nuovo passaporto, il richiedente deve fissare un appuntamento presso l\u2019Ufficio Consolare dell\u2019Ambasciata attraverso l&#8217;apposito sistema di prenotazione online: <a href=\"https:\/\/prenotami.esteri.it\">https:\/\/prenotami.esteri.it<\/a><\/p>\n<p>Considerato l&#8217;elevato volume di richieste, si suggerisce di prendere appuntamento con almeno un mese \/ un mese e mezzo di anticipo.<\/p>\n<p>Il giorno dell\u2019appuntamento il richiedente si deve presentare all\u2019Ufficio Consolare munito della seguente documentazione:<\/p>\n<p style=\"padding-left: 40px;\">&#8211; Modulo di richiesta, debitamente compilato e firmato (disponibile nella sezione \u201c<a href=\"https:\/\/ambbangkok.esteri.it\/it\/in_linea_con_utente\/modulistica\">modulistica<\/a>\u201d del nostro sito web o presso l\u2019Ufficio Consolare dell\u2019Ambasciata);<br \/>\n&#8211; Passaporto attuale;<br \/>\n&#8211; 2 fototessere a colori recenti, con lo sfondo bianco e conformi agli <a href=\"https:\/\/www.poliziadistato.it\/statics\/10\/fotografia_passaporto_web.pdf\">standard internazionali ICAO<\/a><br \/>\n&#8211; 116 Euro: il pagamento dovr\u00e0 essere effettuato in contanti in Thai Baht (il tasso di cambio \u00e8 fissato trimestralmente dall\u2019Ambasciata);<br \/>\n&#8211; Eventuale assenso dell\u2019altro genitore (v. sopra).<\/p>\n<p><strong>PRESENTAZIONE DELLA DOMANDA DI RILASCIO NUOVO PASSAPORTO PER FIGLI MINORI<\/strong><br \/>\nLa richiesta di nuovo passaporto a favore di un minore deve essere presentata da almeno uno dei due genitori. Si applicano sempre le disposizioni sull\u2019acquisizione degli assensi di cui sopra.<br \/>\nLa procedura da seguire per la presentazione della domanda \u00e8 la stessa indicata nel paragrafo precedente.<br \/>\nSi rammenta che, fino al compimento del 12imo anno di et\u00e0, non \u00e8 necessario procedere all\u2019acquisizione dei dati biometrici in Ambasciata. Fino a tale et\u00e0, dunque, la presenza del minore in Ambasciata non \u00e8 necessaria ai fini del rilascio del passaporto.<\/p>\n<p><strong>TEMPI DI RILASCIO DEL PASSAPORTO<\/strong><br \/>\nSalvo problemi tecnici o cause ostative, ai connazionali residenti presso questa Circoscrizione consolare (Thailandia, Cambogia e Laos) e regolarmente iscritti in AIRE che richiedono il passaporto dietro regolare appuntamento online e che presentano integralmente la documentazione prevista, il passaporto viene rilasciato a vista alla data dell\u2019appuntamento.<\/p>\n<p>Per i connazionali residenti in Italia o in altre circoscrizioni consolari il rilascio del passaporto, che la normativa limita a &#8220;casi particolari&#8221; debitamente motivati dal richiedente, non avviene a vista, dovendo l&#8217;Ufficio Consolare ottenere prima il nulla osta e la delega da parte della Questura o della Rappresentanza consolare competente per la residenza del richiedente. Dopo la concessione di dette autorizzazioni, il richiedente sar\u00e0 contattato per fissare un secondo appuntamento in Ambasciata per la stampa e la consegna del nuovo passaporto. L&#8217;intero iter pu\u00f2 a volte impiegare anche diverse settimane\/mesi. L&#8217;Ufficio Consolare avvier\u00e0 la procedura di richiesta di nulla Osta e delega solo dopo aver ricevuto, previo appuntamento online, formale richiesta di rilascio del nuovo passaporto. In caso di emergenze, l&#8217;Ufficio \u00e8 comunque tenuto a dare priorit\u00e0 alle richieste di passaporto presentate dai connazionali formalmente residenti nella circoscrizione consolare.<\/p>\n<p>Specie per i connazionali formalmente residenti nelle circoscrizioni dei Consolati\/Consolati Generali Onorari (v. <a href=\"https:\/\/ambbangkok.esteri.it\/ambasciata_bangkok\/it\/ambasciata\/la_rete_consolare\/la-rete-consolare.html\">QUI<\/a>), si raccomanda di avviare la domanda di passaporto con il dovuto preavviso (pi\u00f9 di 6 mesi dalla scadenza), tenendo conto dei tempi pi\u00f9 lunghi di trattazione legati ai motivi logistici e necessit\u00e0 di invio dei documenti tra Ambasciata e Consolato\/Consolato Generale Onorario. Ci\u00f2 anche in considerazione del fatto che le autorit\u00e0 locali, anche ad es. per gli adempimenti di rinnovo del visto di permanenza thai, pretendono passaporti con almeno 6 mesi di validit\u00e0 residua.<\/p>\n<p>In caso di furto, smarrimento, danneggiamento del passaporto, dei non residenti, che l\u2019Ambasciata pu\u00f2 rilasciare un documento d\u2019emergenza (ETD) che consente il rientro nel luogo di residenza (maggiori informazioni di seguito e su questa <a href=\"https:\/\/ambbangkok.esteri.it\/it\/servizi-consolari-e-visti\/servizi-per-il-cittadino-italiano\/emergency-travel-documents-etd\/\">pagina<\/a>).<\/p>\n<p><strong>FURTO\/SMARRIMENTO DEL PASSAPORTO IN THAILANDIA<\/strong><br \/>\nI connazionali che abbiano smarrito o subito il furto del passaporto e abbiano urgenza di partire, devono recarsi all&#8217;Ufficio Consolare di regola almeno 3, 4 giorni prima della partenza, senza appuntamento purch\u00e9\u2019 negli orari di apertura al pubblico, per chiedere il rilascio di un ETD (<em>Emergency Travel Document<\/em>) ai fini del rientro in Italia (o nel Paese di residenza). Gli interessati devono presentarsi muniti di:- 2 fototessere a colori recenti, con lo sfondo bianco e conformi agli <a href=\"https:\/\/ambbangkok.esteri.it\/wp-content\/uploads\/resource\/doc\/2021\/10\/fotografia_passaporto_web.pdf\">standard internazionali ICAO<\/a><br \/>\n&#8211; Denuncia di furto\/smarrimento rilasciata dalle locali Autorita\u2019 di Polizia;<br \/>\n&#8211; Biglietto aereo di rientro in Italia o nel Paese di residenza;<br \/>\n&#8211; Fotocopia del passaporto o di altro documento di riconoscimento, se in possesso;<br \/>\n&#8211; 1,55 Euro: il pagamento dovr\u00e0 essere effettuato in contanti in Thai Baht (il tasso di cambio \u00e8 fissato trimestralmente dall\u2019Ambasciata);<\/p>\n<p>Maggiori informazioni sono disponibili sulla <a href=\"https:\/\/ambbangkok.esteri.it\/it\/servizi-consolari-e-visti\/servizi-per-il-cittadino-italiano\/emergency-travel-documents-etd\/\">pagina dedicata<\/a>.<\/p>\n<p><strong>FURTO\/SMARRIMENTO DEL PASSAPORTO IN CAMBOGIA E LAOS<\/strong><br \/>\nIn caso di furto o smarrimento del passaporto in Cambogia e Laos \u00e8 necessario rivolgersi alle rispettive Ambasciate di Francia, che potranno rilasciare un documento di emergenza equivalente all\u2019ETD per il ritorno in Italia o nel Paese di residenza.<\/p>\n<p><strong>Ambasciata di Francia in Cambogia<\/strong><br \/>\n1 Bd Monivong, Phnom Penh<br \/>\nTel: (+855) 23 430 020 (da fuori Paese), 023 430 020 (localmente);<br \/>\nE-mail: <a href=\"mailto:ambafrance@online.com.kh\">ambafrance@online.com.kh<\/a><\/p>\n<p><strong>Ambasciata di Francia in Laos<\/strong><br \/>\nAvenue Sethatirath &#8211; BP 6 \u2013 Vientiane<br \/>\nT\u00e9l: [856] (21) 21 52 53 &#8211; 21 52 57 (\u00e0 59)<br \/>\nFax: [856] (21) 21 52 50<br \/>\nSito web: <a href=\"http:\/\/www.ambafrance-laos.org\/\">http:\/\/www.ambafrance-laos.org\/<\/a><\/p>\n<p><strong>VIAGGI INTERNAZIONALI DI MINORI DI 14 ANNI NON ACCOMPAGNATI DA UNO DEI DUE GENITORI<\/strong><br \/>\nFino al compimento dei 14 anni, i minori italiani possono effettuare viaggi internazionali a condizione che viaggino accompagnati da almeno un genitore o da chi ne fa le veci.<br \/>\nPer i minori di 14 anni che intendono viaggiare all\u2019estero senza essere accompagnati da uno dei due genitori \u00e8 necessario che il nome della persona, dell\u2019ente o della compagnia di trasporto ai quali i minori sono affidati venga menzionato sul passaporto degli interessati o su apposita dichiarazione di accompagnamento rilasciata dall\u2019Ambasciata.<br \/>\nLa dichiarazione di accompagnamento pu\u00f2 riguardare un solo viaggio (da intendersi come andata e\/o ritorno) dal Paese di residenza del minore con destinazione determinata e non pu\u00f2 eccedere, di norma, il termine massimo di sei mesi.<br \/>\nL\u2019apposizione del nome dell\u2019accompagnatore sul passaporto o la dichiarazione di accompagnamento deve essere richiesta da entrambi i genitori previo appuntamento online (si prega altres\u00ec di informare l&#8217;ufficio scrivendo a consolare.bangkok@esteri.it con congruo preavviso). Il modulo per la dichiarazione di accompagnamento \u00e8 disponibile nella sezione \u201cmodulistica\u201d del nostro sito web o presso l\u2019Ufficio Consolare dell\u2019Ambasciata.<\/p>\n<\/div>\n<p>Per ulteriori informazioni e approfondimenti si rimanda alla pagina dedicata del sito web della Farnesina: <a href=\"https:\/\/www.esteri.it\/it\/servizi-consolari-e-visti\/italiani-all-estero\/documenti_di_viaggio\/passaporto\/\">Passaporto \u2013 Ministero degli Affari Esteri e della Cooperazione Internazionale<\/a><\/p>\n","protected":false},"excerpt":{"rendered":"L\u2019Ambasciata d&#8217;Italia a Bangkok rilascia passaporti elettronici ordinari a formato unico a 48 pagine. La vigente normativa sui passaporti non consente n\u00e9 il rinnovo n\u00e9 l\u2019aggiunta di pagine al libretto di viaggio. In occasione della consegna del nuovo passaporto, il libretto precedente viene annullato e riconsegnato al possessore. La validit\u00e0 temporale del passaporto varia in [&hellip;]","protected":false},"author":1,"featured_media":0,"parent":47,"menu_order":3,"comment_status":"closed","ping_status":"closed","template":"","meta":{"footnotes":""},"class_list":["post-49","page","type-page","status-publish","hentry"],"_links":{"self":[{"href":"https:\/\/ambbangkok.esteri.it\/it\/wp-json\/wp\/v2\/pages\/49","targetHints":{"allow":["GET"]}}],"collection":[{"href":"https:\/\/ambbangkok.esteri.it\/it\/wp-json\/wp\/v2\/pages"}],"about":[{"href":"https:\/\/ambbangkok.esteri.it\/it\/wp-json\/wp\/v2\/types\/page"}],"author":[{"embeddable":true,"href":"https:\/\/ambbangkok.esteri.it\/it\/wp-json\/wp\/v2\/users\/1"}],"replies":[{"embeddable":true,"href":"https:\/\/ambbangkok.esteri.it\/it\/wp-json\/wp\/v2\/comments?post=49"}],"version-history":[{"count":6,"href":"https:\/\/ambbangkok.esteri.it\/it\/wp-json\/wp\/v2\/pages\/49\/revisions"}],"predecessor-version":[{"id":3935,"href":"https:\/\/ambbangkok.esteri.it\/it\/wp-json\/wp\/v2\/pages\/49\/revisions\/3935"}],"up":[{"embeddable":true,"href":"https:\/\/ambbangkok.esteri.it\/it\/wp-json\/wp\/v2\/pages\/47"}],"wp:attachment":[{"href":"https:\/\/ambbangkok.esteri.it\/it\/wp-json\/wp\/v2\/media?parent=49"}],"curies":[{"name":"wp","href":"https:\/\/api.w.org\/{rel}","templated":true}]}}