{"id":4204,"date":"2026-01-30T12:21:57","date_gmt":"2026-01-30T05:21:57","guid":{"rendered":"https:\/\/ambbangkok.esteri.it\/?page_id=4204"},"modified":"2026-01-30T17:07:06","modified_gmt":"2026-01-30T10:07:06","slug":"interruzione-sistema-visti-da-giov-12-febbraio-a-martedi-17-febbraio-2026","status":"publish","type":"page","link":"https:\/\/ambbangkok.esteri.it\/it\/servizi-consolari-e-visti\/servizi-per-il-cittadino-straniero\/cittadinanza\/interruzione-sistema-visti-da-giov-12-febbraio-a-martedi-17-febbraio-2026\/","title":{"rendered":"INTERRUZIONE SISTEMA VISTI: GIOVEDI&#8217; 12.02.2026 &#8211; MARTEDI&#8217; 17.02.2026"},"content":{"rendered":"<p>Si informa che a causa di importanti interventi di manutenzione sul sistema centrale informatico dei visti:<\/p>\n<ul>\n<li><span style=\"text-decoration: underline;\">non<\/span> sar\u00e0 possibile presentare domanda presso il fornitore ufficiale VFS Global da gioved\u00ec 12 febbraio a marted\u00ec 17 febbraio 2026 (per maggiori dettagli: <a href=\"https:\/\/visa.vfsglobal.com\/tha\/it\/ita\">https:\/\/visa.vfsglobal.com\/tha\/en\/ita\/<\/a>).<\/li>\n<li><span style=\"text-decoration: underline;\">non<\/span> sar\u00e0 possibile presentare domanda di visto in Ambasciata &#8211; Cancelleria Consolare da venerd\u00ec 13 febbraio a marted\u00ec 17 febbraio 2026. Altres\u00ec, in queste date, non sar\u00e0 possibile lavorare n\u00e9 emettere visti gi\u00e0 in corso di trattazione.<\/li>\n<\/ul>\n","protected":false},"excerpt":{"rendered":"Si informa che a causa di importanti interventi di manutenzione sul sistema centrale informatico dei visti: non sar\u00e0 possibile presentare domanda presso il fornitore ufficiale VFS Global da gioved\u00ec 12 febbraio a marted\u00ec 17 febbraio 2026 (per maggiori dettagli: https:\/\/visa.vfsglobal.com\/tha\/en\/ita\/). non sar\u00e0 possibile presentare domanda di visto in Ambasciata &#8211; Cancelleria Consolare da venerd\u00ec 13 [&hellip;]","protected":false},"author":7,"featured_media":0,"parent":439,"menu_order":0,"comment_status":"closed","ping_status":"closed","template":"","meta":{"footnotes":""},"class_list":["post-4204","page","type-page","status-publish","hentry"],"_links":{"self":[{"href":"https:\/\/ambbangkok.esteri.it\/it\/wp-json\/wp\/v2\/pages\/4204","targetHints":{"allow":["GET"]}}],"collection":[{"href":"https:\/\/ambbangkok.esteri.it\/it\/wp-json\/wp\/v2\/pages"}],"about":[{"href":"https:\/\/ambbangkok.esteri.it\/it\/wp-json\/wp\/v2\/types\/page"}],"author":[{"embeddable":true,"href":"https:\/\/ambbangkok.esteri.it\/it\/wp-json\/wp\/v2\/users\/7"}],"replies":[{"embeddable":true,"href":"https:\/\/ambbangkok.esteri.it\/it\/wp-json\/wp\/v2\/comments?post=4204"}],"version-history":[{"count":3,"href":"https:\/\/ambbangkok.esteri.it\/it\/wp-json\/wp\/v2\/pages\/4204\/revisions"}],"predecessor-version":[{"id":4213,"href":"https:\/\/ambbangkok.esteri.it\/it\/wp-json\/wp\/v2\/pages\/4204\/revisions\/4213"}],"up":[{"embeddable":true,"href":"https:\/\/ambbangkok.esteri.it\/it\/wp-json\/wp\/v2\/pages\/439"}],"wp:attachment":[{"href":"https:\/\/ambbangkok.esteri.it\/it\/wp-json\/wp\/v2\/media?parent=4204"}],"curies":[{"name":"wp","href":"https:\/\/api.w.org\/{rel}","templated":true}]}}