{"id":40,"date":"2023-04-11T18:01:19","date_gmt":"2023-04-11T16:01:19","guid":{"rendered":"https:\/\/ambasciatapraga.esteri.it\/?page_id=40"},"modified":"2026-02-13T19:30:57","modified_gmt":"2026-02-13T12:30:57","slug":"gli-uffici","status":"publish","type":"page","link":"https:\/\/ambbangkok.esteri.it\/it\/chi-siamo\/gli-uffici\/","title":{"rendered":"Gli Uffici"},"content":{"rendered":"<p><span style=\"text-decoration: underline;\"><em><strong>Cancelleria Diplomatica<\/strong><\/em><\/span> (<strong>40mo piano)<br \/>\n<\/strong>Tel.: +66-2-250 4970<br \/>\nFax: +66-2-250 4985<strong><br \/>\n<\/strong>e-mail:\u00a0<a href=\"mailto:ambasciata.bangkok@esteri.it\">ambasciata.bangkok@esteri.it<\/a><\/p>\n<p>Indirizzo abilitato esclusivamente alla ricezione di <strong>posta elettronica certificata (PEC):<\/strong> <a href=\"mailto:amb.bangkok@cert.esteri.it\">amb.bangkok@cert.esteri.it<\/a><\/p>\n<p>Orario di apertura al pubblico: luned\u00ec &#8211; venerd\u00ec su appuntamento<\/p>\n<p><em><br \/>\nAmbasciatore<br \/>\n<\/em><strong>Paolo DIONISI<\/strong><br \/>\n<strong><br \/>\n<\/strong><em>Primo Segretario e Vice Capo Missione<br \/>\n<\/em><b>Andrea CONTI<\/b><br \/>\n<em><br \/>\n<\/em><em>Secondo Segretario<br \/>\n<\/em><strong>Pierandrea FRANCAVILLA<br \/>\n<\/strong><\/p>\n<p>&nbsp;<\/p>\n<p><strong><span style=\"text-decoration: underline;\"><em>Ufficio Consolare<\/em><\/span> (27mo piano)<br \/>\n<\/strong><\/p>\n<p>Responsabile: Dott. Andrea CONTI<br \/>\nTel.: +66-2-250 4970<br \/>\nFax: +66-2-250 4988<br \/>\ne-mail:\u00a0<a href=\"mailto:consolare.bangkok@esteri.it\"><strong>consolare.bangkok@esteri.it<\/strong><\/a><\/p>\n<p>N.B.\u00a0<strong>Questo\u00a0 indirizzo email <span style=\"text-decoration: underline;\">NON<\/span> va usato per richieste e\/o informazioni sui visti :<\/strong>\u00a0per tale argomento si prega\u00a0di utilizzare la email indicata sotto, alla voce:\u00a0&#8220;Ufficio Visti&#8221;. <span style=\"text-decoration: underline;\"><strong>Le e-mail che perverranno con richieste di informazioni sui visti non verranno prese in considerazione.<\/strong><\/span><\/p>\n<p><strong>Orario di apertura al pubblico:<br \/>\n<\/strong>Dal luned\u00ec al venerd\u00ec dalle 09:30 alle 12:30, il gioved\u00ec anche dalle 14:30 alle 16:30.<\/p>\n<p>N.B. Solo con appuntamento on-line tramite portale Prenot@mi, salvo comprovate emergenze\/urgenze.<\/p>\n<p><strong>Avviso importante<\/strong>:<br \/>\nConsiderato l&#8217;elevato numero di e-mail che pervengono quotidianamente (festivi inclusi), prima di inviare un messaggio di posta elettronica,\u00a0<strong>si prega di voler leggere attentamente le informazioni e le indicazioni riportate su questo sito e su <\/strong><a href=\"http:\/\/www.viaggiaresicuri.it\/\"><strong>www.viaggiaresicuri.it<\/strong><\/a>.<\/p>\n<p>&nbsp;<\/p>\n<p><strong><span style=\"text-decoration: underline;\"><em>Ufficio Visti<\/em><\/span> (27mo piano)<br \/>\n<\/strong>Tel.: +66-2-250 4970<br \/>\nFax: +66-2-250 4986<br \/>\ne-mail:\u00a0<a href=\"mailto:bangkok.visti@esteri.it\">bangkok.visti@esteri.it<\/a><\/p>\n<p><strong>Orario di apertura al pubblico<\/strong>:<br \/>\nDal luned\u00ec al venerd\u00ec dalle 09:00 alle 12:00; il gioved\u00ec anche dalle 14:00 alle 16:00.<\/p>\n<p>Per informazioni sulle tipologie di visto visitare la sezione <a href=\"https:\/\/ambbangkok.esteri.it\/it\/servizi-consolari-e-visti\/servizi-per-il-cittadino-straniero\/visti\/\">Visti<\/a> e il sito della agenzia di outsourcing VFS:\u00a0 <a href=\"http:\/\/www.vfsglobal.com\/italy\/thailand\/\">http:\/\/www.vfsglobal.com\/italy\/thailand\/<\/a><\/p>\n<p>&nbsp;<\/p>\n<p><strong><span style=\"text-decoration: underline;\"><em>Ufficio Economico-commerciale<\/em><\/span> (40mo piano)<\/strong><\/p>\n<p>Responsabile: Dott. Pierandrea FRANCAVILLA<br \/>\nAssistente commerciale: Dott.ssa Marisa BELLINI<br \/>\nTel.: +66-2-250 4970, ext. 222<br \/>\nFax: +66-2-250 4985<br \/>\ne-mail: <a href=\"mailto:commerciale.bangkok@esteri.it\">commerciale.bangkok@esteri.it<\/a><\/p>\n<p>&nbsp;<\/p>\n<p><span style=\"text-decoration: underline;\"><em><strong>Ufficio Contabile e Amministrativo<\/strong><\/em><\/span> <strong>(40mo piano)<\/strong><\/p>\n<p>Responsabile: Dott.ssa. Paola CHIDICHIMO<br \/>\nTel.: +66-2-250 4970<br \/>\nFax: +66-2-250 4985<br \/>\ne-mail: <a href=\"mailto:contabilita.bangkok@esteri.it\">contabilita.bangkok@esteri.it<\/a><\/p>\n<p>&nbsp;<\/p>\n<p><strong><span style=\"text-decoration: underline;\"><em>Esperto per la Sicurezza<\/em><\/span><br \/>\n<\/strong><\/p>\n<p>Dott. Giorgio BUTINI<br \/>\n14\/A th A floor, Bubhajit Building<br \/>\n20 North Sathorn Rd.<br \/>\nBangkok 10500, Thailand<br \/>\nTel \/ Fax: +66-2-6339396<\/p>\n<p>&nbsp;<\/p>\n<p><span style=\"text-decoration: underline;\"><em><strong>Istituto Italiano di Cultura<\/strong><\/em><\/span><strong> (27mo piano)<\/strong><\/p>\n<p>Direttore: Dott.ssa Maria Sica<\/p>\n<p>E-mail: <a href=\"mailto:iicbangkok@esteri.it\">iicbangkok@esteri.it<\/a><\/p>\n<p>&nbsp;<\/p>\n<p><strong><span style=\"text-decoration: underline;\"><em>Ufficio Culturale<\/em><\/span> (40mo piano)<\/strong><\/p>\n<p>Tel.: +66-2-250 4976<br \/>\nFax: +66-2-250 4985<br \/>\ne-mail: <a href=\"mailto:ufficioculturale.bangkok@esteri.it\">ufficioculturale.bangkok@esteri.it<\/a><\/p>\n<p>&nbsp;<\/p>\n<p><strong><span style=\"text-decoration: underline;\"><em>Agenzia ICE<\/em><\/span><br \/>\n<\/strong><br \/>\nDirettore: Dott.ssa Paola GUIDA<br \/>\n14\/A th A floor, Bubhajit Building<br \/>\n20 North Sathorn Rd.<br \/>\nBangkok 10500, Thailand<br \/>\nTel.:+66-2-6338491\/3<br \/>\nFax: +66-2-6338494<br \/>\ne-mail: <a href=\"mailto:bangkok@ice.it\">bangkok@ice.it<\/a><br \/>\nSito web: <a href=\"http:\/\/www.ice.gov.it\/paesi\/asia\/thailandia\/index.htm\">www.ice.gov.it\/paesi\/asia\/thailandia\/index.htm<\/a><\/p>\n<p>&nbsp;<\/p>\n<p><strong>Calendario delle festivit\u00e0 del 2026<\/strong><\/p>\n<p>1) 01\/01\/2026\u00a0 \u00a0 CAPODANNO\u00a0 \u00a0 gioved\u00ec<\/p>\n<p>2) 03\/03\/2026\u00a0 \u00a0 MAKHA BUCHA DAY\u00a0 \u00a0marted\u00ec<\/p>\n<p>3) 06\/04\/2026\u00a0 \u00a0 LUNEDI&#8217; DELL&#8217;ANGELO\u00a0 \u00a0 luned\u00ec<\/p>\n<p>4) 13\/04\/2026\u00a0 \u00a0 \u00a0SONGKRAN\u00a0 \u00a0luned\u00ec<\/p>\n<p>5) 25\/04\/2026\u00a0 \u00a0 \u00a0LIBERAZIONE\u00a0 \u00a0 \u00a0sabato<\/p>\n<p>6) 01\/05\/2026\u00a0 \u00a0 \u00a0FESTA DEL LAVORO\u00a0 \u00a0 \u00a0 venerd\u00ec<\/p>\n<p>7) 02\/02\/2026\u00a0 \u00a0 \u00a0FESTA DELLA REPUBBLICA\u00a0 \u00a0marted\u00ec<\/p>\n<p>8) 28\/07\/2026\u00a0 \u00a0 \u00a0 GENETLIACO DEL RE\u00a0 \u00a0 \u00a0 marted\u00ec<\/p>\n<p>9) 12\/08\/2026\u00a0 \u00a0 \u00a0 GENETLIACO DELLA REGINA MADRE\u00a0 \u00a0 \u00a0mercoled\u00ec<\/p>\n<p>10) 07\/12\/2026\u00a0 \u00a0 \u00a0 \u00a0GENETLIACO DI RE RAMA IX\u00a0 \u00a0 luned\u00ec<\/p>\n<p>11) 25\/12\/2026\u00a0 \u00a0 \u00a0 NATALE\u00a0 \u00a0 \u00a0 \u00a0venerd\u00ec<\/p>\n","protected":false},"excerpt":{"rendered":"Cancelleria Diplomatica (40mo piano) Tel.: +66-2-250 4970 Fax: +66-2-250 4985 e-mail:\u00a0ambasciata.bangkok@esteri.it Indirizzo abilitato esclusivamente alla ricezione di posta elettronica certificata (PEC): amb.bangkok@cert.esteri.it Orario di apertura al pubblico: luned\u00ec &#8211; venerd\u00ec su appuntamento Ambasciatore Paolo DIONISI Primo Segretario e Vice Capo Missione Andrea CONTI Secondo Segretario Pierandrea FRANCAVILLA &nbsp; Ufficio Consolare (27mo piano) Responsabile: Dott. Andrea [&hellip;]","protected":false},"author":1,"featured_media":0,"parent":13,"menu_order":4,"comment_status":"closed","ping_status":"closed","template":"","meta":{"footnotes":""},"class_list":["post-40","page","type-page","status-publish","hentry"],"_links":{"self":[{"href":"https:\/\/ambbangkok.esteri.it\/it\/wp-json\/wp\/v2\/pages\/40","targetHints":{"allow":["GET"]}}],"collection":[{"href":"https:\/\/ambbangkok.esteri.it\/it\/wp-json\/wp\/v2\/pages"}],"about":[{"href":"https:\/\/ambbangkok.esteri.it\/it\/wp-json\/wp\/v2\/types\/page"}],"author":[{"embeddable":true,"href":"https:\/\/ambbangkok.esteri.it\/it\/wp-json\/wp\/v2\/users\/1"}],"replies":[{"embeddable":true,"href":"https:\/\/ambbangkok.esteri.it\/it\/wp-json\/wp\/v2\/comments?post=40"}],"version-history":[{"count":7,"href":"https:\/\/ambbangkok.esteri.it\/it\/wp-json\/wp\/v2\/pages\/40\/revisions"}],"predecessor-version":[{"id":4294,"href":"https:\/\/ambbangkok.esteri.it\/it\/wp-json\/wp\/v2\/pages\/40\/revisions\/4294"}],"up":[{"embeddable":true,"href":"https:\/\/ambbangkok.esteri.it\/it\/wp-json\/wp\/v2\/pages\/13"}],"wp:attachment":[{"href":"https:\/\/ambbangkok.esteri.it\/it\/wp-json\/wp\/v2\/media?parent=40"}],"curies":[{"name":"wp","href":"https:\/\/api.w.org\/{rel}","templated":true}]}}