{"id":382,"date":"2023-05-25T10:38:28","date_gmt":"2023-05-25T03:38:28","guid":{"rendered":"https:\/\/ambbangkok.esteri.it\/?page_id=382"},"modified":"2025-10-30T18:32:40","modified_gmt":"2025-10-30T11:32:40","slug":"modilistica-consolare","status":"publish","type":"page","link":"https:\/\/ambbangkok.esteri.it\/it\/servizi-consolari-e-visti\/servizi-per-il-cittadino-italiano\/modilistica-consolare\/","title":{"rendered":"Modulistica per i servizi consolari"},"content":{"rendered":"<p>Si riportano di seguito i formulari relativi ai diversi servizi consolari, che si raccomanda di stampare da casa e presentare gi\u00e0 debitamente compilati all&#8217;appuntamento presso l&#8217;Ufficio Consolare:<\/p>\n<div>\n<div class=\"corpoPagina\"><strong>AIRE:<\/strong><\/div>\n<div class=\"corpoPagina\">\n<ul>\n<li><a href=\"https:\/\/ambbangkok.esteri.it\/wp-content\/uploads\/2023\/09\/Modulo-iscrizione-AIRE.pdf\"><strong>Modulo iscrizione AIRE <\/strong><\/a><\/li>\n<li><a href=\"https:\/\/ambbangkok.esteri.it\/wp-content\/uploads\/2023\/09\/Modulo-AIRE-minore.pdf\"><strong>Modulo iscrizione AIRE per figlio minore<\/strong><\/a><\/li>\n<li><a href=\"https:\/\/ambbangkok.esteri.it\/wp-content\/uploads\/2023\/09\/Modulo-di-cambio-indirizzo-AIRE.doc\"><strong>Modulo comunicazione cambio indirizzo residenza AIRE\u00a0<\/strong><\/a><\/li>\n<li><a href=\"https:\/\/ambbangkok.esteri.it\/wp-content\/uploads\/2025\/10\/Richiesta-certificato-residenza-2.doc\"><strong>Modulo per certificazione di iscrizione nello schedario consolare (residenza all&#8217;estero)<\/strong><\/a><\/li>\n<\/ul>\n<\/div>\n<p><strong>PASSAPORTI<\/strong><\/p>\n<ul>\n<li><a href=\"https:\/\/ambbangkok.esteri.it\/wp-content\/uploads\/2023\/10\/MODULO-ASSENSO.doc\"><strong>Modulo assenso altro genitore dei figli minorenni<\/strong><\/a><\/li>\n<li>\n<div><a href=\"https:\/\/ambbangkok.esteri.it\/wp-content\/uploads\/2023\/09\/modulo-ETD-2023-rev-27.07.2023.pdf\"><strong>Modulo richiesta ETD<\/strong><\/a><\/div>\n<\/li>\n<li><a href=\"https:\/\/ambbangkok.esteri.it\/wp-content\/uploads\/2023\/09\/DOMANDA-ETD-MINORE-2022.doc\">Modulo richiesta ETD per minorenni<\/a><\/li>\n<li><a href=\"https:\/\/ambbangkok.esteri.it\/wp-content\/uploads\/2025\/10\/DOMANDA-PASSAPORTO-EDITED-22.10.2025.docx\"><strong>Modulo richiesta passaporto<\/strong><\/a><\/li>\n<li>\n<div><a href=\"https:\/\/ambbangkok.esteri.it\/wp-content\/uploads\/2023\/10\/DOMANDA-PASSAPORTO-MINORE-2023.docx\"><strong>Modulo domanda passaporto minori<\/strong><\/a><\/div>\n<\/li>\n<\/ul>\n<p><strong>CARTE D&#8217;IDENTITA&#8217; ELETTRONICHE (CIE)<\/strong><\/p>\n<ul>\n<li><a href=\"https:\/\/ambbangkok.esteri.it\/wp-content\/uploads\/2024\/08\/Modulo-Richiesta-CIE-maggiorenne.docx\">Modulo richiesta (maggiorenne)<\/a><\/li>\n<li><a href=\"https:\/\/ambbangkok.esteri.it\/wp-content\/uploads\/2024\/08\/Modello_richiesta_CIE_minori.docx\">Modulo richiesta (minorenne)<\/a><\/li>\n<li><a href=\"https:\/\/ambbangkok.esteri.it\/wp-content\/uploads\/2024\/08\/Modello-ATTO-ASSENSO-genitore_CIE.docx\">Modulo atto di assenso per CIE a minorenne<\/a><\/li>\n<li><a href=\"https:\/\/ambbangkok.esteri.it\/wp-content\/uploads\/2024\/08\/MOD.-SMARRIMENTO-FURTO-CIE.pdf\">Modulo smarrimento\/furto CIE<\/a><\/li>\n<\/ul>\n<p><strong>STATO CIVILE<\/strong><\/p>\n<ul>\n<li><a href=\"https:\/\/ambbangkok.esteri.it\/wp-content\/uploads\/2025\/10\/2025-Modulo___trascrizione_nascita.docx\"><strong>Modulo richiesta trascrizione certificato di nascita<\/strong><\/a><\/li>\n<li><a href=\"https:\/\/ambbangkok.esteri.it\/wp-content\/uploads\/2023\/09\/Modulo-trascrizione-matrimonio-2023.doc\"><strong>Modulo richiesta trascrizione certificato di matrimonio\u00a0<\/strong><\/a><\/li>\n<\/ul>\n<p><strong>DIVORZIO<\/strong><\/p>\n<ul>\n<li><a href=\"https:\/\/ambbangkok.esteri.it\/wp-content\/uploads\/2023\/09\/MODULI-DIVORZIO-CONSENSUALE.pdf\"><strong>Modulo richiesta trascrizione certificato di divorzio consensuale<\/strong><\/a><\/li>\n<li>\n<div><a href=\"https:\/\/ambbangkok.esteri.it\/wp-content\/uploads\/2023\/09\/MODULI-DIVORZIO-CON-SENTENZA.pdf\"><strong>Modulo richiesta trascrizione certificato di divorzio con sentenza\u00a0<\/strong><\/a><\/div>\n<\/li>\n<\/ul>\n<p><strong>MODULISTICA PER VISTI<br \/>\n<\/strong><\/p>\n<ul>\n<li>\n<div><a href=\"https:\/\/ambbangkok.esteri.it\/wp-content\/uploads\/2024\/08\/Modulo-Visto-Schengen-Aggiornato_ok-2.pdf\"><strong>Modulo per la richiesta di visto Schengen<\/strong><\/a><\/div>\n<\/li>\n<li><a title=\"\" href=\"https:\/\/ambbangkok.esteri.it\/wp-content\/uploads\/2023\/09\/Formulario-visto-nazionale.pdf\"><strong>Modulo per la richiesta di visto di lunga durata<\/strong><\/a><\/li>\n<li><a href=\"https:\/\/ambbangkok.esteri.it\/wp-content\/uploads\/2023\/09\/Dichiarazione-alloggio-e-garanzia.docx\"><strong>Lettera di invito e garanzia per turisti stranieri\u00a0<\/strong><\/a><\/li>\n<li><strong><a title=\"\" href=\"https:\/\/ambbangkok.esteri.it\/wp-content\/uploads\/2023\/09\/Lettera-di-invito-per-affari.docx\">Lettera di invito per affari<\/a><\/strong><\/li>\n<\/ul>\n<p><strong>ALTRI SERVIZI<\/strong><\/p>\n<ul>\n<li><a href=\"https:\/\/ambbangkok.esteri.it\/wp-content\/uploads\/2023\/11\/codice-fiscale-finale___.pdf\">Richiesta certificato di attribuzione del codice fiscale<\/a><\/li>\n<li><strong><a href=\"https:\/\/ambbangkok.esteri.it\/wp-content\/uploads\/2024\/12\/2024-Modulo_Dichiaraz-importaz-masserizie-Copia.docx\">Richiesta dichiarazione per importazione masserizie in esenzione fiscale<\/a><\/strong><\/li>\n<li><a href=\"https:\/\/ambbangkok.esteri.it\/wp-content\/uploads\/2023\/09\/certificato-medico.pdf\">Patente auto rinnovo &#8211; certificato medico<\/a><\/li>\n<li><a class=\"focus--mouse\" href=\"https:\/\/ambbangkok.esteri.it\/wp-content\/uploads\/2023\/11\/2023-10__Dichia-CU-new-version.pdf\" data-focus-mouse=\"true\">Modulo dichiarazione sostitutiva per certificato su redditi da pensione (Visto thai Non-Immigrant Visa\u00a0 \u201cO-A\u201d)<\/a><\/li>\n<li><a href=\"https:\/\/ambbangkok.esteri.it\/wp-content\/uploads\/2024\/04\/dichiarazione-accompagnamento-minore-2023.doc\">Dichiarazione di accompagnamento del minore infra-quattordicenne\u00a0<\/a><\/li>\n<\/ul>\n<h3>Approfondimento: l\u2019&#8221;autocertificazione&#8221; (dichiarazione sostitutiva)<\/h3>\n<p align=\"justify\">E&#8217; una dichiarazione che l&#8217;interessato redige e sottoscrive nel proprio interesse su stati, fatti e qualit\u00e0 personali e che utilizza nei rapporti con la Pubblica Amministrazione e con i concessionari e i gestori di pubblici servizi.<\/p>\n<p align=\"justify\">Nel rapporto con un soggetto privato il ricorso all&#8217;autocertificazione \u00e8 rimandato alla discrezionalit\u00e0 di quest&#8217;ultimo. Le dichiarazione pu\u00f2 sostituire le normali certificazioni e gli atti notori.<\/p>\n<p>Infatti, con l&#8217;entrata in vigore del D.P.R. 28 dicembre 2000 n\u00b0 445, si \u00e8 messo in atto un importante processo di semplificazione amministrativa per riformare la Pubblica Amministrazione e farla funzionare in maniera pi\u00f9 efficace e trasparente.<\/p>\n<p>Modelli:<\/p>\n<p><a href=\"https:\/\/ambbangkok.esteri.it\/wp-content\/uploads\/2023\/09\/sostitutiva-certificazione.pdf\">Dichiarazione Sostitutiva_Certificazione.doc<\/a><br \/>\n<a href=\"https:\/\/ambbangkok.esteri.it\/wp-content\/uploads\/2023\/09\/atto-notorieta.pdf\">Dichiarazione Sostitutiva atto_Notorieta.doc<\/a><\/p>\n<p><strong>Nota Bene<br \/>\n<\/strong>Si comunica ai connazionali che a seguito dell\u2019entrata in vigore della Legge di stabilit\u00e0 (Art. 15 L. 183\/2011) <b>agli uffici pubblici \u00e8 vietato rilasciare certificati da esibire\u00a0 ad altre pubbliche amministrazioni <\/b>e a\u00a0gestori\u00a0 di\u00a0\u00a0 pubblici\u00a0\u00a0 servizi,\u00a0 (Art. 40 D.P.R. 445\/2000).<br \/>\nLe certificazioni rilasciate dalla pubblica amministrazione\u00a0\u00a0in ordine a stati, qualit\u00e0 personali e fatti sono valide ed utilizzabili solo nei rapporti fra privati.<br \/>\nPertanto, qualora il certificato richiesto, servisse per presentarlo ad altra pubblica amministrazione si potr\u00e0 compilare un modulo di dichiarazione sostitutiva di certificazione (&#8230;).<\/p>\n<\/div>\n<hr \/>\n","protected":false},"excerpt":{"rendered":"Si riportano di seguito i formulari relativi ai diversi servizi consolari, che si raccomanda di stampare da casa e presentare gi\u00e0 debitamente compilati all&#8217;appuntamento presso l&#8217;Ufficio Consolare: AIRE: Modulo iscrizione AIRE Modulo iscrizione AIRE per figlio minore Modulo comunicazione cambio indirizzo residenza AIRE\u00a0 Modulo per certificazione di iscrizione nello schedario consolare (residenza all&#8217;estero) PASSAPORTI Modulo [&hellip;]","protected":false},"author":4,"featured_media":0,"parent":47,"menu_order":0,"comment_status":"closed","ping_status":"closed","template":"","meta":{"footnotes":""},"class_list":["post-382","page","type-page","status-publish","hentry"],"_links":{"self":[{"href":"https:\/\/ambbangkok.esteri.it\/it\/wp-json\/wp\/v2\/pages\/382","targetHints":{"allow":["GET"]}}],"collection":[{"href":"https:\/\/ambbangkok.esteri.it\/it\/wp-json\/wp\/v2\/pages"}],"about":[{"href":"https:\/\/ambbangkok.esteri.it\/it\/wp-json\/wp\/v2\/types\/page"}],"author":[{"embeddable":true,"href":"https:\/\/ambbangkok.esteri.it\/it\/wp-json\/wp\/v2\/users\/4"}],"replies":[{"embeddable":true,"href":"https:\/\/ambbangkok.esteri.it\/it\/wp-json\/wp\/v2\/comments?post=382"}],"version-history":[{"count":8,"href":"https:\/\/ambbangkok.esteri.it\/it\/wp-json\/wp\/v2\/pages\/382\/revisions"}],"predecessor-version":[{"id":4024,"href":"https:\/\/ambbangkok.esteri.it\/it\/wp-json\/wp\/v2\/pages\/382\/revisions\/4024"}],"up":[{"embeddable":true,"href":"https:\/\/ambbangkok.esteri.it\/it\/wp-json\/wp\/v2\/pages\/47"}],"wp:attachment":[{"href":"https:\/\/ambbangkok.esteri.it\/it\/wp-json\/wp\/v2\/media?parent=382"}],"curies":[{"name":"wp","href":"https:\/\/api.w.org\/{rel}","templated":true}]}}