{"id":3014,"date":"2024-12-11T20:41:30","date_gmt":"2024-12-11T13:41:30","guid":{"rendered":"https:\/\/ambbangkok.esteri.it\/?page_id=3014"},"modified":"2024-12-11T20:41:30","modified_gmt":"2024-12-11T13:41:30","slug":"visto-nazionale","status":"publish","type":"page","link":"https:\/\/ambbangkok.esteri.it\/it\/servizi-consolari-e-visti\/servizi-per-il-cittadino-straniero\/visti\/visto-nazionale\/","title":{"rendered":"Visto nazionale"},"content":{"rendered":"<p>Il visto nazionale (tipo D) consente l\u2019ingresso in Italia per\u00a0lungo soggiorno\u00a0(superiore a 90 giorni) e consente la libera circolazione per un periodo non superiore a 90 giorni per semestre nel territorio degli altri Stati membri.<\/p>\n<p>Le domande di visto nazionale vanno presentate all\u2019Ufficio Visti dell\u2019Ambasciata senza appuntamento purch\u00e9 in orario apertura pubblico.<\/p>\n<p><u>Ambasciata d\u2019Italia a Bangkok \u2013 Ufficio Visti:<\/u><\/p>\n<p>27<sup>th<\/sup> Floor, CRC Tower, All Seasons Place, 87 Wireless Road, Lumpini, Phatumwan, Bangkok 10330<\/p>\n<p>Tel.: +66-2-250 4970; Email: <a href=\"mailto:bangkok.visti@esteri.it\">bangkok.visti@esteri.it<\/a>.<\/p>\n<p><u>Orario di apertura al pubblico:<\/u><\/p>\n<p>Da luned\u00ec a venerd\u00ec dalle 09:00 alle 12:00; il gioved\u00ec anche dalle 14:00 alle 16:00.<\/p>\n<p>Il richiedente \u00e8 tenuto a predisporre per tempo la documentazione giustificativa necessaria, che deve essere presentata in originale unitamente alla domanda di visto (l\u2019Ufficio Visti non fa fotocopie e non accetta documenti trasmessi a mezzo email).<\/p>\n<p>Le domande devono essere presentate con un anticipo di almeno 15 giorni rispetto alla data di partenza.<\/p>\n<p>Laddove ritenuto necessario ai fini dell\u2019esame della domanda, l\u2019Ambasciata si riserva la facolt\u00e0 di richiedere ulteriore documentazione rispetto a quanto indicato nel Portale \u201cIl visto per l\u2019Italia\u201d.<\/p>\n<p>Si rammenta che il cittadino straniero al quale \u00e8 stato concesso il visto nazionale deve presentarsi alla Questura territorialmente competente entro 8 giorni lavorativi dalla data di ingresso in Italia per richiedere il documento di soggiorno.<\/p>\n","protected":false},"excerpt":{"rendered":"Il visto nazionale (tipo D) consente l\u2019ingresso in Italia per\u00a0lungo soggiorno\u00a0(superiore a 90 giorni) e consente la libera circolazione per un periodo non superiore a 90 giorni per semestre nel territorio degli altri Stati membri. Le domande di visto nazionale vanno presentate all\u2019Ufficio Visti dell\u2019Ambasciata senza appuntamento purch\u00e9 in orario apertura pubblico. Ambasciata d\u2019Italia a [&hellip;]","protected":false},"author":1,"featured_media":0,"parent":89,"menu_order":1,"comment_status":"closed","ping_status":"closed","template":"","meta":{"footnotes":""},"class_list":["post-3014","page","type-page","status-publish","hentry"],"_links":{"self":[{"href":"https:\/\/ambbangkok.esteri.it\/it\/wp-json\/wp\/v2\/pages\/3014","targetHints":{"allow":["GET"]}}],"collection":[{"href":"https:\/\/ambbangkok.esteri.it\/it\/wp-json\/wp\/v2\/pages"}],"about":[{"href":"https:\/\/ambbangkok.esteri.it\/it\/wp-json\/wp\/v2\/types\/page"}],"author":[{"embeddable":true,"href":"https:\/\/ambbangkok.esteri.it\/it\/wp-json\/wp\/v2\/users\/1"}],"replies":[{"embeddable":true,"href":"https:\/\/ambbangkok.esteri.it\/it\/wp-json\/wp\/v2\/comments?post=3014"}],"version-history":[{"count":1,"href":"https:\/\/ambbangkok.esteri.it\/it\/wp-json\/wp\/v2\/pages\/3014\/revisions"}],"predecessor-version":[{"id":3015,"href":"https:\/\/ambbangkok.esteri.it\/it\/wp-json\/wp\/v2\/pages\/3014\/revisions\/3015"}],"up":[{"embeddable":true,"href":"https:\/\/ambbangkok.esteri.it\/it\/wp-json\/wp\/v2\/pages\/89"}],"wp:attachment":[{"href":"https:\/\/ambbangkok.esteri.it\/it\/wp-json\/wp\/v2\/media?parent=3014"}],"curies":[{"name":"wp","href":"https:\/\/api.w.org\/{rel}","templated":true}]}}