{"id":2793,"date":"2024-08-28T16:57:51","date_gmt":"2024-08-28T09:57:51","guid":{"rendered":"https:\/\/ambbangkok.esteri.it\/?page_id=2793"},"modified":"2025-08-08T11:20:50","modified_gmt":"2025-08-08T04:20:50","slug":"carte-di-identita-elettroniche-cie","status":"publish","type":"page","link":"https:\/\/ambbangkok.esteri.it\/it\/servizi-consolari-e-visti\/servizi-per-il-cittadino-italiano\/carte-di-identita-elettroniche-cie\/","title":{"rendered":"Carte di identit\u00e0 elettroniche (CIE)"},"content":{"rendered":"<p><span style=\"text-decoration: underline;\"><strong>Carta d\u2019identit\u00e0 elettronica (CIE). Panoramica generale.<\/strong><\/span><\/p>\n<p>La Carta di Identit\u00e0 Elettronica \u00e8 il documento d\u2019identit\u00e0 dei cittadini italiani emesso dal Ministero dell\u2019Interno e prodotto dal Poligrafico e Zecca dello Stato che, grazie a sofisticati elementi di sicurezza e anticontraffazione, permette l\u2019accertamento dell\u2019identit\u00e0 del possessore e l\u2019accesso ai servizi digitali delle Pubblica Amministrazione. Maggiori informazioni sul sito web: <a href=\"https:\/\/www.cartaidentita.interno.gov.it\/\">https:\/\/www.cartaidentita.interno.gov.it\/<\/a><\/p>\n<p>La CIE valida per l\u2019espatrio permette la circolazione nell\u2019Unione Europea, in alcuni Stati dell\u2019area Schengen (ad es. Islanda, Norvegia e Svizzera) e in altri Stati con cui sono stati raggiunti accordi bilaterali (vedasi le singole \u201cschede Paese\u201d sul sito\u00a0<a href=\"http:\/\/www.viaggiaresicuri.it\/\"><strong>www.viaggiaresicuri.it<\/strong><\/a>).<\/p>\n<p><span style=\"text-decoration: underline;\">Nota bene<\/span>: la Carta d&#8217;identit\u00e0 elettronica <span style=\"text-decoration: underline;\">non<\/span> viene rilasciata a vista. In Ambasciata vengono acquisite le impronte biometriche e istruita telematicamente la pratica, mentre la Carta \u00e8 emessa dall\u2019Istituto Poligrafico e Zecca dello Stato che ne cura anche la spedizione via posta all&#8217;abitazione del richiedente, entro due\/tre settimane dall&#8217;appuntamento.<\/p>\n<p><span style=\"text-decoration: underline;\"><strong>Chi pu\u00f2 richiedere il rilascio della CIE?<\/strong><\/span><\/p>\n<p><strong>La CIE sar\u00e0 rilasciata esclusivamente ai cittadini italiani stabilmente residenti in questa circoscrizione consolare (Thailandia, Cambogia, Laos) con iscrizione AIRE regolarizzata\/formalizzata<\/strong> (ossia qui confermata dal Comune italiano di riferimento).<\/p>\n<p>Per i dettagli della <strong>procedura di iscrizione o variazione AIRE<\/strong> si rimanda alla <a href=\"https:\/\/ambbangkok.esteri.it\/it\/servizi-consolari-e-visti\/servizi-per-il-cittadino-italiano\/anagrafe-a-i-r-e\/\">pagina apposita<\/a>.<\/p>\n<p>E\u2019 altres\u00ec indispensabile, per i cittadini italiani nati all\u2019estero, che il relativo\u00a0<strong>atto di nascita risulti gi\u00e0 trascritto nei registri di Stato Civile del Comune<\/strong>\u00a0di riferimento, in quanto gli estremi della trascrizione devono essere riportati sulla CIE.<\/p>\n<p><span style=\"text-decoration: underline;\"><strong>Quando e come richiedere la CIE?<\/strong><\/span><\/p>\n<p>\u00c8 possibile richiedere la CIE nei seguenti casi:<\/p>\n<ul>\n<li>prima emissione (non si \u00e8 in possesso di una carta d\u2019identit\u00e0);<\/li>\n<li>furto, smarrimento o deterioramento della precedente carta d\u2019identit\u00e0;<\/li>\n<li>in sostituzione di una carta di identit\u00e0 cartacea o di una CIE di I e II generazione (emessa prima del 4 luglio 2016).<\/li>\n<\/ul>\n<p>Per richiedere il rilascio della carta d\u2019identit\u00e0 elettronica \u00e8 necessario:<\/p>\n<ol>\n<li>prenotare un appuntamento selezionando il servizio \u201cCarta Identit\u00e0 Elettronica\u201d sulla piattaforma <a href=\"https:\/\/prenotami.esteri.it\/\">Prenot@mi <\/a><\/li>\n<li>Inviare il formulario di richiesta (v. pagina <a href=\"https:\/\/ambbangkok.esteri.it\/it\/servizi-consolari-e-visti\/servizi-per-il-cittadino-italiano\/modilistica-consolare\/\">Modulistica<\/a>) e copia fronte retro della carta d\u2019identit\u00e0 in uso, o in sua assenza, del passaporto, <span style=\"text-decoration: underline;\">almeno 7 giorni prima dell\u2019appuntamento<\/span> all\u2019indirizzo email <a href=\"mailto:consolare.bangkok@esteri.it\">consolare.bangkok@esteri.it<\/a>\u00a0 (l&#8217;Ufficio si riserva di non dar seguito alla pratica di CIE qualora non riceva in tempo utile il formulario di richiesta).<\/li>\n<\/ol>\n<p>Ciascuna prenotazione Prenot@mi \u00e8 per <span style=\"text-decoration: underline;\">un singolo<\/span> richiedente CIE.<\/p>\n<p>Nel caso in cui, a seguito delle verifiche, emergessero <span style=\"text-decoration: underline;\">disallineamenti anagrafici o elementi ostativi al rilascio della CIE<\/span>, sar\u00e0 cura di questa Ambasciata informarne l\u2019interessato (all&#8217;indirizzo email indicato in sede di prenotazione su Prenot@mi) anche ai fini della <span style=\"text-decoration: underline;\">cancellazione dell\u2019appuntamento.<\/span><\/p>\n<p>La presenza del richiedente e\/o del titolare della carta, se maggiore di 12 anni, \u00e8 obbligatoria al momento dell\u2019appuntamento ai fini dell\u2019acquisizione dei dati biometrici.<\/p>\n<p><span style=\"text-decoration: underline;\"><strong>La presenza di entrambi i genitori all\u2019appuntamento \u00e8 obbligatoria per le richieste di CIE dei minori di 18 anni.\u00a0<\/strong><\/span><\/p>\n<p>In caso di smarrimento\/furto della carta d\u2019identit\u00e0 cartacea\/elettronica in corso di validit\u00e0 sar\u00e0 necessario presentare formale denuncia alla Polizia locale e presentarla a questo Ufficio in concomitanza dell\u2019appuntamento congiuntamente all\u2019apposito modulo (v. <a href=\"https:\/\/ambbangkok.esteri.it\/it\/servizi-consolari-e-visti\/servizi-per-il-cittadino-italiano\/modilistica-consolare\/\">modulistica<\/a>).<\/p>\n<p><span style=\"text-decoration: underline;\"><strong>Qual \u00e8 la documentazione necessaria da portare con s\u00e9 al momento dell\u2019appuntamento per richiedere la CIE?<\/strong><\/span><\/p>\n<ul>\n<li>2 fototessere a colori recenti, con lo sfondo bianco e conformi agli\u00a0<a href=\"https:\/\/www.poliziadistato.it\/statics\/10\/fotografia_passaporto_web.pdf\">standard internazionali ICAO<\/a>\u00a0(N.B: \u00e8 <span style=\"text-decoration: underline;\">impossibile<\/span> per questo Ufficio effettuare la foto allo sportello CIE);<\/li>\n<li>Formulario di richiesta compilato e firmato (in formato cartaceo);<\/li>\n<li>Carta di identit\u00e0 in uso. In mancanza di questa, passaporto o documento di riconoscimento italiano in corso di validit\u00e0;<\/li>\n<li>(Eventuale) dichiarazione di smarrimento\/furto precedente documento in corso di validit\u00e0 (v. <a href=\"https:\/\/ambbangkok.esteri.it\/it\/servizi-consolari-e-visti\/servizi-per-il-cittadino-italiano\/modilistica-consolare\/\">modulistica<\/a>).<\/li>\n<li>(Eventuale) atto di assenso di entrambi genitori nel caso in cui il richiedente sia un minore di 18 anni (v. <a href=\"https:\/\/ambbangkok.esteri.it\/it\/servizi-consolari-e-visti\/servizi-per-il-cittadino-italiano\/modilistica-consolare\/\">modulistica<\/a>).<\/li>\n<li>Tariffa consolare pari a <strong>21,95 Euro<\/strong> in caso di primo rilascio o rinnovo, e a <strong>27,11 Euro<\/strong> in caso di duplicato per furto, smarrimento o deterioramento di CIE in corso di validit\u00e0. La tariffa andr\u00e0 versata in contanti precisi o codice QR PromptPay in controvalore in THB al tasso di cambio fissato trimestralmente dalla Sede (v. <a href=\"https:\/\/ambbangkok.esteri.it\/it\/servizi-consolari-e-visti\/\">QUI<\/a>).<\/li>\n<\/ul>\n<p><span style=\"text-decoration: underline;\"><strong>Come si riceve la Carta d\u2019identit\u00e0 elettronica?<\/strong><\/span><\/p>\n<p>Come anticipato, la CIE non \u00e8 rilasciata il giorno dell\u2019appuntamento ma sar\u00e0 inviata dall\u2019Italia tramite raccomandata, a cura dell\u2019Istituto Poligrafico e Zecca dello Stato, direttamente all\u2019indirizzo di iscrizione AIRE del richiedente. Il richiedente potr\u00e0 verificare lo status della spedizione sul sito di Poste italiane <a href=\"https:\/\/www.poste.it\/prodotti\/raccomandata.html\"><strong>https:\/\/www.poste.it\/prodotti\/raccomandata.html<\/strong><\/a> cliccando su \u201cCerca spedizioni\u201d e inserendo il numero di raccomandata indicato sulla ricevuta di richiesta CIE consegnata in sede di appuntamento.<\/p>\n<p>In caso di mancato ritiro a seguito di tre tentativi, la CIE verr\u00e0 presa in consegna dall\u2019Ambasciata che provveder\u00e0 a contattare l\u2019interessato\/a per dar seguito al ritiro brevi manu. Non sono previste spedizioni ulteriori dall&#8217;Ambasciata all&#8217;indirizzo personale del richiedente.<\/p>\n<p><span style=\"text-decoration: underline;\"><strong>Quanto tempo vale la CIE?<\/strong><\/span><\/p>\n<p>La validit\u00e0 della CIE varia a seconda dell\u2019et\u00e0 del titolare ed \u00e8 di:<\/p>\n<p>\u2013 3 anni per i minori di et\u00e0 inferiore a 3 anni;<\/p>\n<p>\u2013 5 anni per i minori di et\u00e0 compresa tra i 3 e i 18 anni;<\/p>\n<p>\u2013 10 anni per i maggiorenni.<\/p>\n<p><span style=\"text-decoration: underline;\"><strong>Cos\u2019\u00e8 l\u2019atto di assenso?<\/strong><\/span><\/p>\n<p>L\u2019assenso per il rilascio della carta di identit\u00e0 per minorenni, cos\u00ec come per i passaporti, \u00e8 necessario anche in caso di genitori non sposati, separati o divorziati. Se l\u2019altro genitore \u00e8 un cittadino dell&#8217;UE, non \u00e8 necessaria la presenza in Consolato dello stesso ma sar\u00e0 sufficiente presentare il formulario di assenso debitamente compilato e firmato insieme alla copia del passaporto o della carta d\u2019identit\u00e0 di chi concede l\u2019assenso (v. <a href=\"https:\/\/ambbangkok.esteri.it\/it\/servizi-consolari-e-visti\/servizi-per-il-cittadino-italiano\/modilistica-consolare\/\">Modulistica<\/a> &#8211;&gt; Carte d&#8217;identit\u00e0). Se il genitore che concede l\u2019assenso ha cittadinanza di un Paese extra-UE, deve firmare la dichiarazione di assenso in presenza nel giorno dell\u2019appuntamento, munito del passaporto.<\/p>\n","protected":false},"excerpt":{"rendered":"Carta d\u2019identit\u00e0 elettronica (CIE). Panoramica generale. La Carta di Identit\u00e0 Elettronica \u00e8 il documento d\u2019identit\u00e0 dei cittadini italiani emesso dal Ministero dell\u2019Interno e prodotto dal Poligrafico e Zecca dello Stato che, grazie a sofisticati elementi di sicurezza e anticontraffazione, permette l\u2019accertamento dell\u2019identit\u00e0 del possessore e l\u2019accesso ai servizi digitali delle Pubblica Amministrazione. Maggiori informazioni sul [&hellip;]","protected":false},"author":7,"featured_media":0,"parent":47,"menu_order":4,"comment_status":"closed","ping_status":"closed","template":"","meta":{"footnotes":""},"class_list":["post-2793","page","type-page","status-publish","hentry"],"_links":{"self":[{"href":"https:\/\/ambbangkok.esteri.it\/it\/wp-json\/wp\/v2\/pages\/2793","targetHints":{"allow":["GET"]}}],"collection":[{"href":"https:\/\/ambbangkok.esteri.it\/it\/wp-json\/wp\/v2\/pages"}],"about":[{"href":"https:\/\/ambbangkok.esteri.it\/it\/wp-json\/wp\/v2\/types\/page"}],"author":[{"embeddable":true,"href":"https:\/\/ambbangkok.esteri.it\/it\/wp-json\/wp\/v2\/users\/7"}],"replies":[{"embeddable":true,"href":"https:\/\/ambbangkok.esteri.it\/it\/wp-json\/wp\/v2\/comments?post=2793"}],"version-history":[{"count":6,"href":"https:\/\/ambbangkok.esteri.it\/it\/wp-json\/wp\/v2\/pages\/2793\/revisions"}],"predecessor-version":[{"id":3626,"href":"https:\/\/ambbangkok.esteri.it\/it\/wp-json\/wp\/v2\/pages\/2793\/revisions\/3626"}],"up":[{"embeddable":true,"href":"https:\/\/ambbangkok.esteri.it\/it\/wp-json\/wp\/v2\/pages\/47"}],"wp:attachment":[{"href":"https:\/\/ambbangkok.esteri.it\/it\/wp-json\/wp\/v2\/media?parent=2793"}],"curies":[{"name":"wp","href":"https:\/\/api.w.org\/{rel}","templated":true}]}}