{"id":2144,"date":"2024-03-11T14:22:24","date_gmt":"2024-03-11T07:22:24","guid":{"rendered":"https:\/\/ambbangkok.esteri.it\/?page_id=2144"},"modified":"2025-11-18T18:14:13","modified_gmt":"2025-11-18T11:14:13","slug":"matrimonio-in-laos","status":"publish","type":"page","link":"https:\/\/ambbangkok.esteri.it\/it\/servizi-consolari-e-visti\/servizi-per-il-cittadino-italiano\/stato-civile\/matrimonio\/matrimonio-in-laos\/","title":{"rendered":"Matrimonio in LAOS"},"content":{"rendered":"<p><strong>Matrimonio in LAOS tra un cittadino italiano e una cittadina laotiana o tra una cittadina italiana e un cittadino laotiano<\/strong><\/p>\n<p>I documenti che le Autorita\u2019 laotiane richiedono al cittadino italiano che intende contrarre matrimonio il Laos con una cittadina laotiana sono i seguenti:<\/p>\n<p>1. Certificato cumulativo di nascita, residenza, cittadinanza e stato libero (da richiedere presso il proprio Comune di riferimento in Italia oppure presso l\u2019Ambasciata o Consolato italiano di riferimento per chi risiede all\u2019estero);<br \/>\n2. Certificato Penale (da richiedere all\u2019Ufficio del Casellario Giudiziario presso la Procura della Repubblica competente);<br \/>\n3. Documento del datore di lavoro che attesta la professione e il reddito annuale;<br \/>\n4. Dichiarazione sottoscritta dai genitori del cittadino italiano di consenso al matrimonio con la cittadina laotiana;<br \/>\n5. Una dichiarazione in inglese attestante che il cittadino italiano coprira\u2019 finanziariamente il ritorno in Laos della futura moglie, in caso di divorzio;<br \/>\n6. Curriculum Vitae in inglese con le informazioni biografiche;<br \/>\n7. Certificato medico di sana costituzione (da richiedere a un medico laotiano);<br \/>\n8. Fotocopia dei passaporti del cittadino italiano e della cittadina laotiana.<\/p>\n<p>I documenti menzionali ai punti numero 1, 2, 3, 4, 5 e 6 dovranno essere presentati in Ambasciata previo appuntamento online. Qualora non possano essere rilasciati o redatti direttamente in inglese, dovranno essere tradotti a cura dell\u2019interessato.<br \/>\nSulla base della documentazione presentata, l\u2019<span style=\"text-decoration: underline;\">Ambasciata rilascer\u00e0 il c.d. certificato di Nulla Osta al matrimonio<\/span> da presentare alle Autorita\u2019 laotiane di Stato Civile e proceder\u00e0 con le opportune asseverazioni e conformit\u00e0 di traduzione affinch\u00e9\u2019 il resto della documentazione sia valida per il Laos.<br \/>\nDi regola, il Nulla Osta al matrimonio non viene rilasciato a vista alla data dell\u2019appuntamento. L\u2019Ufficio Consolare cerca ad ogni modo di trattare la pratica con priorit\u00e0, cos\u00ec da consegnare il documento al connazionale entro i successivi 1-2 giorni lavorativi.<\/p>\n<p><strong>N.B.<\/strong> Si consiglia di trasmettere una copia scansionata della documentazione all\u2019indirizzo email consolare.bangkok@esteri.it prima della data dell\u2019appuntamento, cos\u00ec che l\u2019Ufficio possa effettuare una verifica preventiva dei documenti.<\/p>\n<p>&nbsp;<\/p>\n<p><strong>Dopo il matrimonio<\/strong>, per la richiesta di trascrizione dell\u2019atto in Italia, gli interessati dovranno presentarsi presso l\u2019Ufficio Consolare previo appuntamento online nella sezione \u201cStato Civile\u201d presentando la seguente documentazione:<br \/>\n\u2013 Atto di matrimonio laotiano;<br \/>\n\u2013 Versione in inglese legalizzata dal Ministero degli Affari Esteri laotiano;<br \/>\n\u2013 Traduzione in italiano della versione in inglese legalizzata dal Ministero degli Affari Esteri laotiano;<br \/>\n\u2013 Copia del passaporto di entrambi gli sposi;<br \/>\n\u2013 Modulo di richiesta trascrizione, debitamente compilato e firmato.<br \/>\nSi precisa che nel modulo di richiesta trascrizione dovra\u2019 essere specificata la scelta del regime patrimoniale di separazione o comunione dei beni. Qualora si decida per la separazione dei beni, questo Ufficio redige l\u2019atto di convenzione che dovra\u2019 essere firmato da entrambi gli sposi davanti all\u2019Ufficiale Consolare preposto. Se si opta per la comunione dei beni, basta la presenza di uno dei coniugi. In questo caso, la documentazione puo\u2019 inoltre essere presentata da una persona terza, munita di opportuna delega in carta semplice.<\/p>\n<p>&nbsp;<\/p>\n<p><strong>Tariffe per i documenti necessari al matrimonio<\/strong><\/p>\n<p>Le tariffe per i diritti consolari sono versate in THB al tasso di cambio trimestrale indicato sul <a href=\"https:\/\/ambbangkok.esteri.it\/it\/servizi-consolari-e-visti\/\">sito.<\/a><\/p>\n<p>\u2013 Le tariffe consolari relative al rilascio del <span style=\"text-decoration: underline;\">Nulla Osta al matrimonio<\/span> nonch\u00e9 alle <span style=\"text-decoration: underline;\">asseverazioni dei documenti<\/span> da presentare alle Autorita\u2019 laotiane verranno calcolate con precisione alla data dell\u2019appuntamento.<br \/>\n\u2013 <span style=\"text-decoration: underline;\">Verbale di convenzione di separazione dei beni<\/span> (in caso gli sposi optino per tale regime patrimoniale): Euro 28,00;<br \/>\n\u2013 <span style=\"text-decoration: underline;\">Legalizzazione atto di matrimonio<\/span> ai fini della trascrizione: Euro 12,00.<\/p>\n","protected":false},"excerpt":{"rendered":"Matrimonio in LAOS tra un cittadino italiano e una cittadina laotiana o tra una cittadina italiana e un cittadino laotiano I documenti che le Autorita\u2019 laotiane richiedono al cittadino italiano che intende contrarre matrimonio il Laos con una cittadina laotiana sono i seguenti: 1. Certificato cumulativo di nascita, residenza, cittadinanza e stato libero (da richiedere [&hellip;]","protected":false},"author":7,"featured_media":0,"parent":2091,"menu_order":5,"comment_status":"closed","ping_status":"closed","template":"","meta":{"footnotes":""},"class_list":["post-2144","page","type-page","status-publish","hentry"],"_links":{"self":[{"href":"https:\/\/ambbangkok.esteri.it\/it\/wp-json\/wp\/v2\/pages\/2144","targetHints":{"allow":["GET"]}}],"collection":[{"href":"https:\/\/ambbangkok.esteri.it\/it\/wp-json\/wp\/v2\/pages"}],"about":[{"href":"https:\/\/ambbangkok.esteri.it\/it\/wp-json\/wp\/v2\/types\/page"}],"author":[{"embeddable":true,"href":"https:\/\/ambbangkok.esteri.it\/it\/wp-json\/wp\/v2\/users\/7"}],"replies":[{"embeddable":true,"href":"https:\/\/ambbangkok.esteri.it\/it\/wp-json\/wp\/v2\/comments?post=2144"}],"version-history":[{"count":3,"href":"https:\/\/ambbangkok.esteri.it\/it\/wp-json\/wp\/v2\/pages\/2144\/revisions"}],"predecessor-version":[{"id":4071,"href":"https:\/\/ambbangkok.esteri.it\/it\/wp-json\/wp\/v2\/pages\/2144\/revisions\/4071"}],"up":[{"embeddable":true,"href":"https:\/\/ambbangkok.esteri.it\/it\/wp-json\/wp\/v2\/pages\/2091"}],"wp:attachment":[{"href":"https:\/\/ambbangkok.esteri.it\/it\/wp-json\/wp\/v2\/media?parent=2144"}],"curies":[{"name":"wp","href":"https:\/\/api.w.org\/{rel}","templated":true}]}}