{"id":2141,"date":"2024-03-11T14:21:30","date_gmt":"2024-03-11T07:21:30","guid":{"rendered":"https:\/\/ambbangkok.esteri.it\/?page_id=2141"},"modified":"2025-04-02T18:39:45","modified_gmt":"2025-04-02T11:39:45","slug":"matrimonio-in-cambogia","status":"publish","type":"page","link":"https:\/\/ambbangkok.esteri.it\/it\/servizi-consolari-e-visti\/servizi-per-il-cittadino-italiano\/stato-civile\/matrimonio\/matrimonio-in-cambogia\/","title":{"rendered":"Matrimonio in CAMBOGIA"},"content":{"rendered":"<p><strong>Matrimonio in CAMBOGIA tra un cittadino italiano e un cittadina cambogiana o tra una cittadina italiana e un cittadino cambogiano<\/strong><\/p>\n<p>Per contrarre matrimonio in Cambogia con cittadino\/a cambogiano\/a, il cittadino\/a italiano\/a deve ottenere un Nulla Osta al matrimonio rilasciato da questo Ufficio consolare previa esibizione dei seguenti documenti:<\/p>\n<ol>\n<li>Estratto dell\u2019atto di nascita con le generalit\u00e0 paterne e materne (da richiedere presso il proprio Comune di riferimento in Italia);<\/li>\n<li>Certificato contestuale di residenza, cittadinanza e stato libero (da richiedere presso il proprio Comune di riferimento in Italia oppure presso l\u2019Ambasciata o Consolato italiano di riferimento per chi risiede all\u2019estero);<\/li>\n<li>Certificato Penale (da richiedere all\u2019Ufficio del Casellario Giudiziario presso la Procura della Repubblica competente);<\/li>\n<li>Documento del datore di lavoro che attesta la professione e il reddito mensile (<strong>NB<\/strong>: le autorit\u00e0 cambogiane richiedono un reddito mensile pari o superiore a 2500 USD);<\/li>\n<li>Copia conforme all\u2019originale del passaporto (da fare in Ambasciata);<\/li>\n<li>Certificato medico di sana costituzione (da richiedere a un medico cambogiano).<\/li>\n<\/ol>\n<p>Qualora non possano essere rilasciati direttamente in inglese, i documenti dovranno essere tradotti tramite un\u2019agenzia di traduzione, a cura dell\u2019interessato.<\/p>\n<p>L\u2019Ambasciata proceder\u00e0 quindi con le previste asseverazioni e rilascer\u00e0 il citato Nulla Osta al matrimonio che il nubendo italiano dovr\u00e0 presentare, insieme alla stessa citata documentazione cos\u00ec formalizzata, alle Autorita\u2019 cambogiane di Stato Civile.<\/p>\n<p>L\u2019interessato, oltre alla documentazione menzionata, dovr\u00e0 presentare alle Autorit\u00e0 cambogiane anche l\u2019\u201d<em>Application form of marriage between Cambodian citizen and a foreign national<\/em>\u201d, fornito dalle competenti Autorita\u2019 locali (MFAIC \/ Ministero Affari Esteri).<\/p>\n<p>Di regola, il Nulla Osta al matrimonio non viene rilasciato a vista alla data dell\u2019appuntamento. L\u2019Ufficio Consolare cerca ad ogni modo di trattare la pratica in tempi brevi, cos\u00ec da consegnare il documento al connazionale nell\u2019ordine di 2-3 giorni lavorativi.<\/p>\n<p><strong>N.B.<\/strong> Si consiglia di trasmettere una copia scansionata della documentazione all\u2019indirizzo email consolare.bangkok@esteri.it prima della data dell\u2019appuntamento, cos\u00ec che l\u2019Ufficio Consolare possa effettuare una verifica preventiva dei documenti.<\/p>\n<p><strong>Dopo il matrimonio<\/strong>, per la richiesta di trascrizione dell\u2019atto in Italia, gli interessati dovranno presentarsi presso l\u2019Ufficio Consolare previo appuntamento online nella sezione \u201cStato Civile\u201d presentando la seguente documentazione:<br \/>\n\u2013 Atto di matrimonio cambogiano;<br \/>\n\u2013 Versione in inglese legalizzata dal Ministero degli Affari Esteri cambogiano;<br \/>\n\u2013 Traduzione in italiano della versione in inglese legalizzata dal Ministero degli Affari Esteri cambogiano;<br \/>\n\u2013 Copia del passaporto di entrambi gli sposi;<br \/>\n\u2013 Modulo di richiesta trascrizione, debitamente compilato e firmato.<br \/>\nSi precisa che nel modulo di richiesta trascrizione dovra\u2019 essere specificata la scelta del regime patrimoniale di separazione o comunione dei beni. Qualora si decida per la separazione dei beni, questo Ufficio redige l\u2019atto di convenzione che dovra\u2019 essere firmato da entrambi gli sposi davanti all\u2019Ufficiale Consolare preposto. Se si opta per la comunione dei beni, basta la presenza di uno dei coniugi. In questo caso, la documentazione puo\u2019 inoltre essere presentata da una persona terza, munita di opportuna delega in carta semplice.<\/p>\n<p><strong>Tariffe per i documenti necessari al matrimonio<\/strong><br \/>\nLe tariffe per i diritti consolari, da pagare in valuta locale al cambio consolare trimestrale pubblicato sul sito, ammontano a:<br \/>\n\u2013\u00a0 Nulla Osta al matrimonio: Euro 6,00;<br \/>\n\u2013 Verbale di convenzione di separazione dei beni: Euro 28,00;<br \/>\n\u2013 Legalizzazione atto di matrimonio: Euro 11,00.<\/p>\n<p>Le tariffe consolari relative alle asseverazioni dei documenti necessari al Nulla Osta e da presentare successivamente alle Autorit\u00e0 cambogiane verranno calcolate alla data dell\u2019appuntamento.<\/p>\n","protected":false},"excerpt":{"rendered":"Matrimonio in CAMBOGIA tra un cittadino italiano e un cittadina cambogiana o tra una cittadina italiana e un cittadino cambogiano Per contrarre matrimonio in Cambogia con cittadino\/a cambogiano\/a, il cittadino\/a italiano\/a deve ottenere un Nulla Osta al matrimonio rilasciato da questo Ufficio consolare previa esibizione dei seguenti documenti: Estratto dell\u2019atto di nascita con le generalit\u00e0 [&hellip;]","protected":false},"author":7,"featured_media":0,"parent":2091,"menu_order":4,"comment_status":"closed","ping_status":"closed","template":"","meta":{"footnotes":""},"class_list":["post-2141","page","type-page","status-publish","hentry"],"_links":{"self":[{"href":"https:\/\/ambbangkok.esteri.it\/it\/wp-json\/wp\/v2\/pages\/2141","targetHints":{"allow":["GET"]}}],"collection":[{"href":"https:\/\/ambbangkok.esteri.it\/it\/wp-json\/wp\/v2\/pages"}],"about":[{"href":"https:\/\/ambbangkok.esteri.it\/it\/wp-json\/wp\/v2\/types\/page"}],"author":[{"embeddable":true,"href":"https:\/\/ambbangkok.esteri.it\/it\/wp-json\/wp\/v2\/users\/7"}],"replies":[{"embeddable":true,"href":"https:\/\/ambbangkok.esteri.it\/it\/wp-json\/wp\/v2\/comments?post=2141"}],"version-history":[{"count":2,"href":"https:\/\/ambbangkok.esteri.it\/it\/wp-json\/wp\/v2\/pages\/2141\/revisions"}],"predecessor-version":[{"id":3409,"href":"https:\/\/ambbangkok.esteri.it\/it\/wp-json\/wp\/v2\/pages\/2141\/revisions\/3409"}],"up":[{"embeddable":true,"href":"https:\/\/ambbangkok.esteri.it\/it\/wp-json\/wp\/v2\/pages\/2091"}],"wp:attachment":[{"href":"https:\/\/ambbangkok.esteri.it\/it\/wp-json\/wp\/v2\/media?parent=2141"}],"curies":[{"name":"wp","href":"https:\/\/api.w.org\/{rel}","templated":true}]}}