{"id":2124,"date":"2024-03-11T14:17:24","date_gmt":"2024-03-11T07:17:24","guid":{"rendered":"https:\/\/ambbangkok.esteri.it\/?page_id=2124"},"modified":"2025-01-14T17:26:14","modified_gmt":"2025-01-14T10:26:14","slug":"matrimonio-in-thailandia-tra-ita-e-thai","status":"publish","type":"page","link":"https:\/\/ambbangkok.esteri.it\/it\/servizi-consolari-e-visti\/servizi-per-il-cittadino-italiano\/stato-civile\/matrimonio\/matrimonio-in-thailandia-tra-ita-e-thai\/","title":{"rendered":"Matrimonio in Thailandia tra ITA e THAI"},"content":{"rendered":"<p>Un cittadino italiano pu\u00f2 contrarre matrimonio in Thailandia dietro presentazione alle Autorit\u00e0 di Stato Civile thailandesi del Nulla Osta al matrimonio rilasciato da questa Ambasciata.<\/p>\n<p>Il Nulla Osta al matrimonio \u00e8 gi\u00e0 bilingue (italiano e thailandese), non \u00e8 dunque necessario farlo tradurre prima di presentarlo alle Autorit\u00e0 locali.<\/p>\n<p><strong>Primo passaggio: richiesta del Nulla Osta al matrimonio<\/strong><\/p>\n<p>Per il rilascio del Nulla Osta al matrimonio,\u00a0<strong>entrambi i nubendi, muniti di passaporto<\/strong>, dovranno presentarsi all\u2019Ufficio Consolare previo appuntamento online nella sezione \u201cServizi Consolari \u2013 Nulla Osta al Matrimonio\u201d.<\/p>\n<p>Per provare il proprio stato libero, il connazionale dovr\u00e0 presentare un<strong> certificato originale contestuale di nascita, residenza e stato libero, rilasciato:<\/strong><\/p>\n<ol>\n<li><strong>dal proprio Comune di riferimento in Italia, <em>se residenti in Italia<\/em><\/strong> (avendo cura che il certificato in parola riporti il codice QR per le opportune verifiche a cura di questa Sede, senza necessit\u00e0 di dover ricontattare il Comune e con notevole risparmio di tempo)<\/li>\n<li><strong>dall\u2019Ambasciata o Consolato italiano di riferimento, <em>se residenti in un&#8217;altra circoscrizione consolare<\/em><\/strong><\/li>\n<\/ol>\n<p>Il certificato pu\u00f2 essere anche ottenuto direttamente dal richiedente attraverso il sito https:\/\/www.anagrafenazionale.interno.it\/ del Ministero dell\u2019Interno (sempre con la citata accortezza che il documento riporti il codice QR di verifica).<\/p>\n<p>Si rammenta che i succitati certificati di Stato Civile hanno una <strong>validit\u00e0 di 6 mesi dalla data di rilascio.\u00a0<\/strong>Certificati non pi\u00f9 in corso di validit\u00e0 non saranno presi in considerazione.<\/p>\n<p>Per i <em><strong>connazionali residenti iscritti all\u2019AIRE in questa circoscrizione<\/strong><\/em>, si consiglia di contattarci via e-mail al\u00a0<a href=\"mailto:consolare.bangkok@esteri.it\">consolare.bangkok@esteri.it<\/a> in modo da poter noi controllare autonomamente a sistema l\u2019allineamento delle informazioni sullo stato civile, prima dell&#8217;appuntamento in sportello.<\/p>\n<p>Oltre alla documentazione menzionata, i nubendi dovranno presentare:<\/p>\n<p>\u2013 Copia del passaporto dei nubendi;<\/p>\n<p>\u2013 Copia dell\u2019atto di nascita della cittadina thailandese;<\/p>\n<p>\u2013 Una certificazione relativa al reddito del cittadino italiano.<\/p>\n<p>Ai sensi della normativa thailandese, per la celebrazione del matrimonio le Autorit\u00e0 locali richiedono infatti delle garanzie sulla situazione economica del cittadino italiano. Di regola, questo dato viene riportato nel Nulla Osta al matrimonio sulla base della Certificazione Unica (vecchio modello CUD) o altro documento attestante il reddito mensile o annuale dell\u2019interessato.<\/p>\n<p>Si raccomanda, in caso di possesso, di presentare anche eventuali certificati di propriet\u00e0 di beni mobili o immobili thailandesi, in modo da riportare nel Nulla Osta al matrimonio la medesima traslitterazione del nome e cognome del richiedente.<\/p>\n<p>Si raccomanda di utilizzare il Nulla Osta al matrimonio emesso dall&#8217;Ambasciata con ogni consentita urgenza (la validit\u00e0 massima consentita \u00e8 rimessa alla discrezionalit\u00e0 delle autorit\u00e0 thailandesi, variando talvolta da Comune thai a Comune thai). Per maggiori dettagli in proposito, si consiglia di rivolgersi in tempo utile al Comune thai.<\/p>\n<p><strong>Secondo passaggio: legalizzazione del Nulla Osta al matrimonio<\/strong><br \/>\nPrima della celebrazione del matrimonio di fronte a un qualsiasi Comune thailandese \u00e8 indispensabile far legalizzare la firma del Funzionario dell\u2019Ambasciata d\u2019Italia sul Nulla Osta al matrimonio presso il Ministero degli Affari Esteri thailandese.<\/p>\n<p>Si precisa che tale Ministero richiede una validit\u00e0 residua del visto di permanenza del cittadino italiano di almeno 15 giorni. In caso contrario, la legalizzazione del Nulla Osta al matrimonio non verr\u00e0 effettuata.<\/p>\n<p><strong>Terzo passaggio: matrimonio<\/strong><br \/>\nGli sposi dovranno avere due testimoni e, nel caso non conoscano la lingua thai o non riescano a comunicare tra di loro, anche un interprete, pena il rifiuto da parte dell\u2019Ufficiale di Stato Civile thailandese di celebrare il matrimonio.<\/p>\n<p>Si consiglia di sposarsi presso il Comune di Bangrak in Bangkok, in quanto tale Municipio emette con certezza l\u2019atto di matrimonio conforme alla normativa italiana ai fini della trascrizione.<\/p>\n<p>Nel caso in cui si decida di contrarre matrimonio in un altro Comune thailandese, il connazionale dovr\u00e0 accertarsi che l\u2019atto di matrimonio riporti il luogo di nascita del coniuge thailandese, come richiesto dal nostro ordinamento giuridico. Qualora il luogo di nascita risultasse omesso, \u00e8 possibile richiedere al Comune una nota aggiuntiva all\u2019atto di matrimonio con l\u2019indicazione del luogo di nascita della sposa.<\/p>\n<p>Chi desidera contrarre matrimonio in un altro Comune della Thailandia \u00e8 invitato inoltre a contattare con congruo anticipo tale Comune per accertarsi della documentazione e delle procedure previste.<\/p>\n<p><strong>Quarto passaggio: trascrizione del matrimonio in Italia<\/strong><br \/>\nPer la richiesta di trascrizione del matrimonio in Italia, gli interessati dovranno presentarsi presso l\u2019Ufficio Consolare previo appuntamento online nella sezione \u201cStato civile \u2013 Trascrizione atti matrimonio, nascita, morte, divorzi\u201d presentando la seguente documentazione:<\/p>\n<p>\u2013 Atto di matrimonio rilasciato dall\u2019Autorita\u2019 locale (<strong>N.B. assicurarsi che sia il modello \u201cKhor Ror 2\u201d, il modello \u201cKhor Ror 3\u201d non \u00e8 conforme ai fini della trascrizione dell\u2019atto in Italia e quindi non \u00e8 trascrivibile<\/strong>), debitamente legalizzato dal Ministero degli Affari Esteri thailandese e munito di traduzione in lingua italiana;<\/p>\n<p>\u2013 Copia del passaporto di entrambi gli sposi;<\/p>\n<p>\u2013 Modulo di richiesta trascrizione, debitamente compilato e firmato.<\/p>\n<p>Si precisa che nel modulo di richiesta trascrizione dovr\u00e0 essere specificata la scelta del regime patrimoniale di separazione o comunione dei beni. Qualora si decida per la separazione dei beni, questo Ufficio redige l\u2019atto di convenzione che dovr\u00e0 essere firmato da entrambi gli sposi davanti all\u2019Ufficiale Consolare preposto. Se si opta per la comunione dei beni, basta la presenza di uno dei coniugi. In questo caso, la documentazione pu\u00f2 inoltre essere presentata da una persona terza, munita di opportuna delega in carta semplice.<\/p>\n<p>Tariffe per i documenti necessari al matrimonio<\/p>\n<p>Le tariffe per i diritti consolari, da pagare in valuta locale, ammontano a:<\/p>\n<p>\u2013 Nulla Osta al matrimonio: Euro 66,00;<\/p>\n<p>\u2013 Verbale di convenzione di separazione dei beni: Euro 28,00;<\/p>\n<p>\u2013 Legalizzazione atto di matrimonio: Euro 11,00.<\/p>\n<p>&nbsp;<\/p>\n<p><strong>Tariffe per i documenti necessari al matrimonio<\/strong><br \/>\nLe tariffe per i diritti consolari, da pagare in valuta locale, ammontano a:<br \/>\n\u2013 Nulla Osta al matrimonio: Euro 66,00;<br \/>\n\u2013 Verbale di convenzione di separazione dei beni: Euro 28,00;<br \/>\n\u2013 Legalizzazione atto di matrimonio: Euro 11,00.<\/p>\n<p><strong>Matrimonio di cittadini minori di 20 anni<\/strong><br \/>\nAi sensi della legge thailandese, la nubenda che ha meno di 20 anni deve presentarsi in Comune accompagnata dai propri genitori, ai quali \u00e8 richiesto di firmare l\u2019assenso al matrimonio davanti al Pubblico Ufficiale thailandese.<\/p>\n<p>Su richiesta del connazionale, l\u2019Ufficio Consolare pu\u00f2 rilasciare una copia della nota di trascrizione dell\u2019atto di matrimonio per consentire al coniuge thailandese di richiedere un visto turistico con le agevolazioni previste dalla legge per chi ha contratto matrimonio con un cittadino italiano presso la Sezione Visti di questa Ambasciata.<\/p>\n","protected":false},"excerpt":{"rendered":"Un cittadino italiano pu\u00f2 contrarre matrimonio in Thailandia dietro presentazione alle Autorit\u00e0 di Stato Civile thailandesi del Nulla Osta al matrimonio rilasciato da questa Ambasciata. Il Nulla Osta al matrimonio \u00e8 gi\u00e0 bilingue (italiano e thailandese), non \u00e8 dunque necessario farlo tradurre prima di presentarlo alle Autorit\u00e0 locali. Primo passaggio: richiesta del Nulla Osta al [&hellip;]","protected":false},"author":7,"featured_media":0,"parent":2091,"menu_order":1,"comment_status":"closed","ping_status":"closed","template":"","meta":{"footnotes":""},"class_list":["post-2124","page","type-page","status-publish","hentry"],"_links":{"self":[{"href":"https:\/\/ambbangkok.esteri.it\/it\/wp-json\/wp\/v2\/pages\/2124","targetHints":{"allow":["GET"]}}],"collection":[{"href":"https:\/\/ambbangkok.esteri.it\/it\/wp-json\/wp\/v2\/pages"}],"about":[{"href":"https:\/\/ambbangkok.esteri.it\/it\/wp-json\/wp\/v2\/types\/page"}],"author":[{"embeddable":true,"href":"https:\/\/ambbangkok.esteri.it\/it\/wp-json\/wp\/v2\/users\/7"}],"replies":[{"embeddable":true,"href":"https:\/\/ambbangkok.esteri.it\/it\/wp-json\/wp\/v2\/comments?post=2124"}],"version-history":[{"count":4,"href":"https:\/\/ambbangkok.esteri.it\/it\/wp-json\/wp\/v2\/pages\/2124\/revisions"}],"predecessor-version":[{"id":3096,"href":"https:\/\/ambbangkok.esteri.it\/it\/wp-json\/wp\/v2\/pages\/2124\/revisions\/3096"}],"up":[{"embeddable":true,"href":"https:\/\/ambbangkok.esteri.it\/it\/wp-json\/wp\/v2\/pages\/2091"}],"wp:attachment":[{"href":"https:\/\/ambbangkok.esteri.it\/it\/wp-json\/wp\/v2\/media?parent=2124"}],"curies":[{"name":"wp","href":"https:\/\/api.w.org\/{rel}","templated":true}]}}