{"id":15,"date":"2023-04-11T17:08:57","date_gmt":"2023-04-11T15:08:57","guid":{"rendered":"https:\/\/ambasciatapraga.esteri.it\/?page_id=15"},"modified":"2026-03-23T20:26:16","modified_gmt":"2026-03-23T13:26:16","slug":"servizi-consolari-e-visti","status":"publish","type":"page","link":"https:\/\/ambbangkok.esteri.it\/it\/servizi-consolari-e-visti\/","title":{"rendered":"Servizi Consolari e Visti"},"content":{"rendered":"<p><img loading=\"lazy\" decoding=\"async\" class=\"alignnone wp-image-376 img-fluid\" src=\"https:\/\/ambbangkok.esteri.it\/wp-content\/uploads\/2023\/05\/passaporto-1.jpg\" alt=\"\" width=\"135\" height=\"193\" \/>\u00a0 \u00a0 \u00a0 \u00a0 \u00a0 <img loading=\"lazy\" decoding=\"async\" class=\"alignnone wp-image-594 img-fluid\" src=\"https:\/\/ambbangkok.esteri.it\/wp-content\/uploads\/2023\/06\/icona_visto-1.jpg\" alt=\"\" width=\"248\" height=\"152\" \/><\/p>\n<p>Le informazioni sui servizi offerti dall\u2019Ambasciata \u2013 che spaziano dal settore consolare e visti a quello commerciale e culturale &#8211; vanno richieste <strong><span style=\"text-decoration: underline;\">preferibilmente via mail<\/span><\/strong>, ai recapiti forniti di seguito, o in via residuale e se strettamente necessario per telefono (vedi la sezione <a href=\"https:\/\/ambbangkok.esteri.it\/it\/chi-siamo\/contatti\/\">Contatti<\/a>).<\/p>\n<p>L\u2019Ufficio<strong>\u00a0Consolare\u00a0<\/strong>\u00e8 aperto dal luned\u00ec al venerd\u00ec dalle ore 09.30 alle 12.30 e anche il gioved\u00ec pomeriggio dalle ore 14.30 alle ore 16.30. L\u2019indirizzo mail dell\u2019Ufficio consolare \u00e8 il seguente: <a href=\"mailto:consolare.bangkok@esteri.it\">consolare.bangkok@esteri.it<\/a><\/p>\n<p>Per le informazioni\u00a0sui\u00a0<strong>Visti<\/strong> (ore 09.00 \u2013 12.00 e il gioved\u00ec 14.00 \u2013 16.00) l\u2019indirizzo mail \u00e8 il seguente: <a href=\"mailto:bangkok.visti@esteri.it\">bangkok.visti@esteri.it<\/a><\/p>\n<p>L\u2019Ufficio\u00a0<strong>Commerciale<\/strong>\u00a0risponde alla seguente mail:\u00a0<a href=\"mailto:commerciale.bangkok@esteri.it\">commerciale.bangkok@esteri.it<\/a><\/p>\n<p>L\u2019Ufficio\u00a0<strong>Culturale\u00a0<\/strong>\u00e8 contattabile scrivendo a: <a href=\"mailto:ufficioculturale.bangkok@esteri.it\">ufficioculturale.bangkok@esteri.it<\/a><\/p>\n<p>&nbsp;<\/p>\n<p><strong>PRENOT@MI (Sistema di appuntamenti)<\/strong><br \/>\nPer i servizi consolari occorre prenotare un appuntamento sul portale Prenot@mi, raggiungibile a questo link: <a href=\"https:\/\/prenotami.esteri.it\/\">https:\/\/prenotami.esteri.it\/\u00a0<\/a><\/p>\n<p><strong>TARIFFE CONSOLARI<\/strong><\/p>\n<p>La tabella delle percezioni consolari per il <span style=\"text-decoration: underline;\">periodo 1 gennaio &#8211; 31 marzo 2026<\/span>\u00a0\u00e8 disponibile <a href=\"https:\/\/ambbangkok.esteri.it\/wp-content\/uploads\/2025\/12\/Tabella-diritti-consolari-I\u00b0-Trimestre-2026.pdf\">qui<\/a>.<\/p>\n<p>La tabella delle percezioni consolari per il <span style=\"text-decoration: underline;\">periodo 1 aprile &#8211; 30 giugno 2026<\/span> \u00e8 disponibile <a href=\"https:\/\/ambbangkok.esteri.it\/wp-content\/uploads\/2026\/03\/Tabella-diritti-consolari-II\u00b0-Trimestre-2026.pdf\">qui<\/a>.<\/p>\n<p><strong>MODULISTICA PER I VISTI PER L&#8217;ITALIA<\/strong><br \/>\nI formulari per la richiesta di visti per l&#8217;Italia sono scaricabili da questo<strong>\u00a0<a href=\"https:\/\/ambbangkok.esteri.it\/it\/servizi-consolari-e-visti\/servizi-per-il-cittadino-italiano\/modilistica-consolare\/\">link<\/a>.<\/strong><\/p>\n<p><strong>AGENZIE DI TRADUZIONE<\/strong><br \/>\nUn elenco di agenzie di traduzione specializzate \u00e8 disponibile <a href=\"https:\/\/ambbangkok.esteri.it\/wp-content\/uploads\/2025\/10\/Agenzie-traduzione-2025.pdf\">qui<\/a>.<\/p>\n<p><strong>ELENCO DEI TECNICI DI FIDUCIA<\/strong><br \/>\nUn elenco di tecnici di fiducia \u00e8 disponibile\u00a0<a href=\"https:\/\/ambbangkok.esteri.it\/wp-content\/uploads\/2024\/05\/Elenco-tecnici-di-fiducia-Art.-84-D.P.R.-5-ott.-2010-N.-207-1.pdf\">qui<\/a>.<\/p>\n<p><strong>INFORMATIVA SUL TRATTAMENTO DEI DATI PERSONALI AI FINI DELL&#8217;EROGAZIONE DEI SERVIZI CONSOLARI<\/strong>: L&#8217;informativa \u00e8 disponibile\u00a0<a href=\"https:\/\/ambbangkok.esteri.it\/wp-content\/uploads\/2023\/05\/informativa_tdp_per_servizi_consolari_ex_visti_e_cittadinanza__all.3__rev._feb.2023.pdf\">qui<\/a>.<\/p>\n<p>&nbsp;<\/p>\n<p>Per il dettaglio dei vari servizi consolari erogati dall&#8217;Ambasciata, selezionare la voce d&#8217;interesse dal men\u00f9 a destra <img loading=\"lazy\" decoding=\"async\" class=\"alignnone wp-image-543 img-fluid\" src=\"https:\/\/ambbangkok.esteri.it\/wp-content\/uploads\/2023\/06\/freccia-destra-2-300x220.jpg\" alt=\"\" width=\"33\" height=\"24\" srcset=\"https:\/\/ambbangkok.esteri.it\/wp-content\/uploads\/2023\/06\/freccia-destra-2-300x220.jpg 300w, https:\/\/ambbangkok.esteri.it\/wp-content\/uploads\/2023\/06\/freccia-destra-2-768x562.jpg 768w, https:\/\/ambbangkok.esteri.it\/wp-content\/uploads\/2023\/06\/freccia-destra-2.jpg 794w\" sizes=\"auto, (max-width: 33px) 100vw, 33px\" \/><\/p>\n","protected":false},"excerpt":{"rendered":"\u00a0 \u00a0 \u00a0 \u00a0 \u00a0 Le informazioni sui servizi offerti dall\u2019Ambasciata \u2013 che spaziano dal settore consolare e visti a quello commerciale e culturale &#8211; vanno richieste preferibilmente via mail, ai recapiti forniti di seguito, o in via residuale e se strettamente necessario per telefono (vedi la sezione Contatti). L\u2019Ufficio\u00a0Consolare\u00a0\u00e8 aperto dal luned\u00ec al venerd\u00ec [&hellip;]","protected":false},"author":1,"featured_media":0,"parent":0,"menu_order":6,"comment_status":"closed","ping_status":"closed","template":"","meta":{"footnotes":""},"class_list":["post-15","page","type-page","status-publish","hentry"],"_links":{"self":[{"href":"https:\/\/ambbangkok.esteri.it\/it\/wp-json\/wp\/v2\/pages\/15","targetHints":{"allow":["GET"]}}],"collection":[{"href":"https:\/\/ambbangkok.esteri.it\/it\/wp-json\/wp\/v2\/pages"}],"about":[{"href":"https:\/\/ambbangkok.esteri.it\/it\/wp-json\/wp\/v2\/types\/page"}],"author":[{"embeddable":true,"href":"https:\/\/ambbangkok.esteri.it\/it\/wp-json\/wp\/v2\/users\/1"}],"replies":[{"embeddable":true,"href":"https:\/\/ambbangkok.esteri.it\/it\/wp-json\/wp\/v2\/comments?post=15"}],"version-history":[{"count":9,"href":"https:\/\/ambbangkok.esteri.it\/it\/wp-json\/wp\/v2\/pages\/15\/revisions"}],"predecessor-version":[{"id":4432,"href":"https:\/\/ambbangkok.esteri.it\/it\/wp-json\/wp\/v2\/pages\/15\/revisions\/4432"}],"wp:attachment":[{"href":"https:\/\/ambbangkok.esteri.it\/it\/wp-json\/wp\/v2\/media?parent=15"}],"curies":[{"name":"wp","href":"https:\/\/api.w.org\/{rel}","templated":true}]}}